{"id":164,"date":"2023-08-18T08:55:56","date_gmt":"2023-08-18T06:55:56","guid":{"rendered":"https:\/\/skola2.sigulda.lv\/?page_id=164"},"modified":"2026-03-11T12:49:03","modified_gmt":"2026-03-11T10:49:03","slug":"kontakti","status":"publish","type":"page","link":"https:\/\/laurenci.edu.lv\/index.php\/kontakti\/","title":{"rendered":"Kontakti"},"content":{"rendered":"\n<figure class=\"wp-block-table\"><table><thead><tr><th>Amats<\/th><th>V\u0101rds, uzv\u0101rds<\/th><th>Sazi\u0146a<\/th><\/tr><\/thead><tbody><tr><td><strong>Direktore<\/strong><\/td><td>Kristi\u0101na Cielava<\/td><td>T\u0101lrunis: 67347938<br>e-pasts: <a href=\"mailto:kristiana.cielava@laurenci.edu.lv\">kristiana.cielava@laurenci.edu.lv<\/a><\/td><\/tr><tr><td><strong>Vietniece izgl\u012bt\u012bbas jom\u0101 <\/strong><\/td><td>Li\u0101na P\u0113ce<\/td><td>e-pasts: <a href=\"mailto:liana.pece@laurenci.edu.lv\">liana.pece@laurenci.edu.lv<\/a><\/td><\/tr><tr><td><strong>Vietniece audzin\u0101\u0161anas jom\u0101<\/strong><\/td><td>Vanesa Za\u013c\u0101<\/td><td>e-pasts: vanesa.zala@laurenci.edu.lv <\/td><\/tr><tr><td><strong>Vietnieks IT jom\u0101<\/strong><\/td><td>Sarm\u012bte Vilci\u0146a<\/td><td>e-pasts: <a href=\"sarmite.vilcina@laurenci.edu.lv\" data-type=\"link\" data-id=\"sarmite.vilcina@laurenci.edu.lv\">sarmite.vilcina@laurenci.edu.lv<\/a><\/td><\/tr><tr><td><strong>Vietnieks saimnieciskos jaut\u0101jumos<\/strong><\/td><td>Inga Rundz\u0101ne <\/td><td>T\u0101lrunis: 67973330<br>e-pasts: <a href=\"mailto:inga.rundzane@laurenci.edu.lv\">inga.rundzane@laurenci.edu.lv<\/a><\/td><\/tr><tr><td><strong>Lietvede<\/strong><\/td><td>Dace L\u0101ce<\/td><td>T\u0101lrunis: 67347938<br>e-pasts: <a href=\"mailto:dace.lace@laurenci.edu.lv\">dace.lace@laurenci.edu.lv<\/a><\/td><\/tr><tr><td><strong>Psihologs<\/strong> <\/td><td>Laura Roze<\/td><td>T\u0101lrunis: 65509683<\/td><\/tr><tr><td><strong>Soci\u0101lais pedagogs<\/strong> <\/td><td>Anda Amanta Millere<\/td><td>T\u0101lrunis: 62907717<\/td><\/tr><tr><td><strong>Medm\u0101sa<\/strong><\/td><td>Laine Z\u012bverte &#8211; Dzirkale<\/td><td>T\u0101lrunis: 67347925<\/td><\/tr><tr><td><strong>1.-3. korpusa de\u017eurants<\/strong><\/td><td><\/td><td>T\u0101lrunis: 67347920<\/td><\/tr><tr><td><strong>4.-6. korpusa de\u017eurants<\/strong><\/td><td><\/td><td>T\u0101lrunis: 67973322<\/td><\/tr><\/tbody><\/table><\/figure>\n","protected":false},"excerpt":{"rendered":"<p>Amats V\u0101rds, uzv\u0101rds Sazi\u0146a Direktore Kristi\u0101na Cielava T\u0101lrunis: 67347938e-pasts: kristiana.cielava@laurenci.edu.lv Vietniece izgl\u012bt\u012bbas jom\u0101 Li\u0101na P\u0113ce e-pasts: liana.pece@laurenci.edu.lv Vietniece audzin\u0101\u0161anas jom\u0101 Vanesa Za\u013c\u0101 e-pasts: vanesa.zala@laurenci.edu.lv Vietnieks IT jom\u0101 Sarm\u012bte Vilci\u0146a e-pasts: sarmite.vilcina@laurenci.edu.lv Vietnieks saimnieciskos jaut\u0101jumos Inga Rundz\u0101ne T\u0101lrunis: 67973330e-pasts: inga.rundzane@laurenci.edu.lv Lietvede Dace L\u0101ce T\u0101lrunis: 67347938e-pasts: dace.lace@laurenci.edu.lv Psihologs Laura Roze T\u0101lrunis: 65509683 Soci\u0101lais pedagogs Anda Amanta Millere &#8230; <a title=\"Kontakti\" class=\"read-more\" href=\"https:\/\/laurenci.edu.lv\/index.php\/kontakti\/\" aria-label=\"Read more about Kontakti\">Las\u012bt t\u0101l\u0101k<\/a><\/p>\n","protected":false},"author":3,"featured_media":0,"parent":0,"menu_order":0,"comment_status":"closed","ping_status":"closed","template":"","meta":{"footnotes":""},"class_list":["post-164","page","type-page","status-publish"],"_links":{"self":[{"href":"https:\/\/laurenci.edu.lv\/index.php\/wp-json\/wp\/v2\/pages\/164","targetHints":{"allow":["GET"]}}],"collection":[{"href":"https:\/\/laurenci.edu.lv\/index.php\/wp-json\/wp\/v2\/pages"}],"about":[{"href":"https:\/\/laurenci.edu.lv\/index.php\/wp-json\/wp\/v2\/types\/page"}],"author":[{"embeddable":true,"href":"https:\/\/laurenci.edu.lv\/index.php\/wp-json\/wp\/v2\/users\/3"}],"replies":[{"embeddable":true,"href":"https:\/\/laurenci.edu.lv\/index.php\/wp-json\/wp\/v2\/comments?post=164"}],"version-history":[{"count":35,"href":"https:\/\/laurenci.edu.lv\/index.php\/wp-json\/wp\/v2\/pages\/164\/revisions"}],"predecessor-version":[{"id":4488,"href":"https:\/\/laurenci.edu.lv\/index.php\/wp-json\/wp\/v2\/pages\/164\/revisions\/4488"}],"wp:attachment":[{"href":"https:\/\/laurenci.edu.lv\/index.php\/wp-json\/wp\/v2\/media?parent=164"}],"curies":[{"name":"wp","href":"https:\/\/api.w.org\/{rel}","templated":true}]}}