{"id":176,"date":"2023-08-18T09:00:53","date_gmt":"2023-08-18T07:00:53","guid":{"rendered":"https:\/\/skola2.sigulda.lv\/?page_id=176"},"modified":"2026-01-12T14:21:45","modified_gmt":"2026-01-12T12:21:45","slug":"ieksejas-karibas-noteikumi","status":"publish","type":"page","link":"https:\/\/laurenci.edu.lv\/index.php\/ieksejas-karibas-noteikumi\/","title":{"rendered":"Iek\u0161\u0113jie noteikumi"},"content":{"rendered":"\n<div class=\"wp-block-file\"><a id=\"wp-block-file--media-651aad4b-f819-431b-b868-3a5d9c51a87f\" href=\"https:\/\/laurenci.edu.lv\/wp-content\/uploads\/2026\/01\/IKN_07012026-2.pdf\">1. Iek\u0161\u0113j\u0101s k\u0101rt\u012bbas noteikumi<\/a><\/div>\n\n\n\n<div class=\"wp-block-file\"><a id=\"wp-block-file--media-99fafdeb-7395-4eb5-af46-5fc56b8166a9\" href=\"https:\/\/laurenci.edu.lv\/wp-content\/uploads\/2026\/01\/Vertesanas-kartiba-07012026.pdf\">2. Izgl\u012btojamo m\u0101c\u012bbu sasniegumu v\u0113rt\u0113\u0161anas k\u0101rt\u012bba<\/a><\/div>\n\n\n\n<div class=\"wp-block-file\"><a id=\"wp-block-file--media-bea2114b-9480-4794-991d-4e88b206a551\" href=\"https:\/\/laurenci.edu.lv\/wp-content\/uploads\/2025\/09\/Kartiba_-ka-registre-izglitojamo-neierasanos-izglitibas-iestade.pdf\">3. K\u0101rt\u012bba, k\u0101 re\u0123istr\u0113 neiera\u0161anos izgl\u012bt\u012bbas iest\u0101d\u0113<\/a><\/div>\n\n\n\n<div class=\"wp-block-file\"><a id=\"wp-block-file--media-5f7a2d8e-9528-4364-9507-918abd78f217\" href=\"https:\/\/laurenci.edu.lv\/wp-content\/uploads\/2023\/09\/Laurencu_sakumskolas_nolikums.pdf\">4. Lauren\u010du s\u0101kumskolas nolikums<\/a><\/div>\n\n\n\n<div class=\"wp-block-file alignleft\"><a id=\"wp-block-file--media-004b2b3b-ba59-4116-adf2-5aa5a1d9a210\" href=\"https:\/\/laurenci.edu.lv\/wp-content\/uploads\/2025\/11\/Pasnovertejums_Laurenci_24_25.pdf\">5. Lauren\u010du s\u0101kumskolas pa\u0161nov\u0113rt\u0113juma zi\u0146ojums 2024.\/2025.<\/a><\/div>\n\n\n\n<p><\/p>\n","protected":false},"excerpt":{"rendered":"","protected":false},"author":2,"featured_media":0,"parent":0,"menu_order":0,"comment_status":"closed","ping_status":"closed","template":"","meta":{"footnotes":""},"class_list":["post-176","page","type-page","status-publish"],"_links":{"self":[{"href":"https:\/\/laurenci.edu.lv\/index.php\/wp-json\/wp\/v2\/pages\/176","targetHints":{"allow":["GET"]}}],"collection":[{"href":"https:\/\/laurenci.edu.lv\/index.php\/wp-json\/wp\/v2\/pages"}],"about":[{"href":"https:\/\/laurenci.edu.lv\/index.php\/wp-json\/wp\/v2\/types\/page"}],"author":[{"embeddable":true,"href":"https:\/\/laurenci.edu.lv\/index.php\/wp-json\/wp\/v2\/users\/2"}],"replies":[{"embeddable":true,"href":"https:\/\/laurenci.edu.lv\/index.php\/wp-json\/wp\/v2\/comments?post=176"}],"version-history":[{"count":47,"href":"https:\/\/laurenci.edu.lv\/index.php\/wp-json\/wp\/v2\/pages\/176\/revisions"}],"predecessor-version":[{"id":4227,"href":"https:\/\/laurenci.edu.lv\/index.php\/wp-json\/wp\/v2\/pages\/176\/revisions\/4227"}],"wp:attachment":[{"href":"https:\/\/laurenci.edu.lv\/index.php\/wp-json\/wp\/v2\/media?parent=176"}],"curies":[{"name":"wp","href":"https:\/\/api.w.org\/{rel}","templated":true}]}}