{"id":199,"date":"2023-08-18T09:29:45","date_gmt":"2023-08-18T07:29:45","guid":{"rendered":"https:\/\/skola2.sigulda.lv\/?page_id=199"},"modified":"2025-09-10T11:09:19","modified_gmt":"2025-09-10T08:09:19","slug":"skolas-padome","status":"publish","type":"page","link":"https:\/\/laurenci.edu.lv\/index.php\/skolas-padome\/","title":{"rendered":"Skolas padome"},"content":{"rendered":"\n<p>Padomes sast\u0101vu veido katras klases vec\u0101ku p\u0101rst\u0101vis, Vec\u0101ku biedr\u012bbas vad\u012bt\u0101js, pa\u0161vald\u012bbas, skolas pedagogu un administr\u0101cijas p\u0101rst\u0101vji.<\/p>\n\n\n\n<p><strong>Priek\u0161s\u0113d\u0113t\u0101ja:&nbsp;<\/strong>Madara Vanaga<\/p>\n\n\n\n<p>Aicin\u0101m ar\u012b J\u016bs akt\u012bvi iesaist\u012bties, par aktualit\u0101t\u0113m sazinoties ar savas klases Skolas padomes p\u0101rst\u0101vi vai rakstot uz e-pastu <a href=\"mailto:skola@laurenci.edu.lv\">skola@laurenci.edu.lv<\/a>\u00a0(ar nor\u0101di: Skolas padomei).<\/p>\n\n\n\n<p><\/p>\n","protected":false},"excerpt":{"rendered":"<p>Padomes sast\u0101vu veido katras klases vec\u0101ku p\u0101rst\u0101vis, Vec\u0101ku biedr\u012bbas vad\u012bt\u0101js, pa\u0161vald\u012bbas, skolas pedagogu un administr\u0101cijas p\u0101rst\u0101vji. Priek\u0161s\u0113d\u0113t\u0101ja:&nbsp;Madara Vanaga Aicin\u0101m ar\u012b J\u016bs akt\u012bvi iesaist\u012bties, par aktualit\u0101t\u0113m sazinoties ar savas klases Skolas padomes p\u0101rst\u0101vi vai rakstot uz e-pastu skola@laurenci.edu.lv\u00a0(ar nor\u0101di: Skolas padomei).<\/p>\n","protected":false},"author":3,"featured_media":0,"parent":0,"menu_order":0,"comment_status":"closed","ping_status":"closed","template":"","meta":{"footnotes":""},"class_list":["post-199","page","type-page","status-publish"],"_links":{"self":[{"href":"https:\/\/laurenci.edu.lv\/index.php\/wp-json\/wp\/v2\/pages\/199","targetHints":{"allow":["GET"]}}],"collection":[{"href":"https:\/\/laurenci.edu.lv\/index.php\/wp-json\/wp\/v2\/pages"}],"about":[{"href":"https:\/\/laurenci.edu.lv\/index.php\/wp-json\/wp\/v2\/types\/page"}],"author":[{"embeddable":true,"href":"https:\/\/laurenci.edu.lv\/index.php\/wp-json\/wp\/v2\/users\/3"}],"replies":[{"embeddable":true,"href":"https:\/\/laurenci.edu.lv\/index.php\/wp-json\/wp\/v2\/comments?post=199"}],"version-history":[{"count":7,"href":"https:\/\/laurenci.edu.lv\/index.php\/wp-json\/wp\/v2\/pages\/199\/revisions"}],"predecessor-version":[{"id":3551,"href":"https:\/\/laurenci.edu.lv\/index.php\/wp-json\/wp\/v2\/pages\/199\/revisions\/3551"}],"wp:attachment":[{"href":"https:\/\/laurenci.edu.lv\/index.php\/wp-json\/wp\/v2\/media?parent=199"}],"curies":[{"name":"wp","href":"https:\/\/api.w.org\/{rel}","templated":true}]}}