{"id":201,"date":"2023-08-18T09:30:00","date_gmt":"2023-08-18T07:30:00","guid":{"rendered":"https:\/\/skola2.sigulda.lv\/?page_id=201"},"modified":"2026-02-17T11:37:40","modified_gmt":"2026-02-17T09:37:40","slug":"vecaku-biedriba","status":"publish","type":"page","link":"https:\/\/laurenci.edu.lv\/index.php\/vecaku-biedriba\/","title":{"rendered":"Vec\u0101ku biedr\u012bba"},"content":{"rendered":"\n<p><strong>Valdes sast\u0101vs:<\/strong>&nbsp;Madara Volksone<br><strong>Kontaktinform\u0101cija<\/strong>:&nbsp;laurencubiedriba@gmail.com<br><strong>Maks\u0101jumu rekviz\u012bti<\/strong>:<br>Biedr\u012bba \u201cLauren\u010du s\u0101kumskolas vec\u0101ku atbalsta biedr\u012bba\u201d<br>Lauren\u010du iela 7, Sigulda, LV 2150<br>Re\u0123.nr. 50008211561<br>AS Swedbank, HABALV22<br>Konta Nr. LV17HABA0551037151293<\/p>\n\n\n\n<p>Maks\u0101juma m\u0113r\u0137\u012b j\u0101nor\u0101da: Biedra nauda (b\u0113rna v\u0101rds, uzv\u0101rds un klase).<br><em>Maks\u0101jumus j\u0101veic l\u012bdz katra m\u0113ne\u0161a 20. datumam<\/em><\/p>\n\n\n\n<p><strong>Dokumenti:<\/strong><\/p>\n\n\n\n<div class=\"wp-block-file\"><a id=\"wp-block-file--media-441939d1-4cf8-44c7-8512-9fd161135f18\" href=\"https:\/\/laurenci.edu.lv\/wp-content\/uploads\/2023\/09\/STATUTI_2022_Laurencu-sakumskolas-vecaku-atb.biedriba_29.09.22.pdf\">1. Biedr\u012bbas stat\u016bti 29.09.22<\/a><\/div>\n\n\n\n<div class=\"wp-block-file\"><a id=\"wp-block-file--media-4d4046fa-c238-45f5-97bb-4f2ae8f9986d\" href=\"https:\/\/laurenci.edu.lv\/wp-content\/uploads\/2026\/02\/Iesniegums-biedribai_02.02.2026.doc\">2. Iesniegums biedr\u012bbai 02.02.2026<\/a><\/div>\n\n\n\n<p><\/p>\n","protected":false},"excerpt":{"rendered":"<p>Valdes sast\u0101vs:&nbsp;Madara VolksoneKontaktinform\u0101cija:&nbsp;laurencubiedriba@gmail.comMaks\u0101jumu rekviz\u012bti:Biedr\u012bba \u201cLauren\u010du s\u0101kumskolas vec\u0101ku atbalsta biedr\u012bba\u201dLauren\u010du iela 7, Sigulda, LV 2150Re\u0123.nr. 50008211561AS Swedbank, HABALV22Konta Nr. LV17HABA0551037151293 Maks\u0101juma m\u0113r\u0137\u012b j\u0101nor\u0101da: Biedra nauda (b\u0113rna v\u0101rds, uzv\u0101rds un klase).Maks\u0101jumus j\u0101veic l\u012bdz katra m\u0113ne\u0161a 20. datumam Dokumenti:<\/p>\n","protected":false},"author":3,"featured_media":0,"parent":0,"menu_order":0,"comment_status":"closed","ping_status":"closed","template":"","meta":{"footnotes":""},"class_list":["post-201","page","type-page","status-publish"],"_links":{"self":[{"href":"https:\/\/laurenci.edu.lv\/index.php\/wp-json\/wp\/v2\/pages\/201","targetHints":{"allow":["GET"]}}],"collection":[{"href":"https:\/\/laurenci.edu.lv\/index.php\/wp-json\/wp\/v2\/pages"}],"about":[{"href":"https:\/\/laurenci.edu.lv\/index.php\/wp-json\/wp\/v2\/types\/page"}],"author":[{"embeddable":true,"href":"https:\/\/laurenci.edu.lv\/index.php\/wp-json\/wp\/v2\/users\/3"}],"replies":[{"embeddable":true,"href":"https:\/\/laurenci.edu.lv\/index.php\/wp-json\/wp\/v2\/comments?post=201"}],"version-history":[{"count":10,"href":"https:\/\/laurenci.edu.lv\/index.php\/wp-json\/wp\/v2\/pages\/201\/revisions"}],"predecessor-version":[{"id":4403,"href":"https:\/\/laurenci.edu.lv\/index.php\/wp-json\/wp\/v2\/pages\/201\/revisions\/4403"}],"wp:attachment":[{"href":"https:\/\/laurenci.edu.lv\/index.php\/wp-json\/wp\/v2\/media?parent=201"}],"curies":[{"name":"wp","href":"https:\/\/api.w.org\/{rel}","templated":true}]}}