{"id":205,"date":"2023-08-18T09:32:04","date_gmt":"2023-08-18T07:32:04","guid":{"rendered":"https:\/\/skola2.sigulda.lv\/?page_id=205"},"modified":"2023-09-25T08:13:36","modified_gmt":"2023-09-25T05:13:36","slug":"skolas-misija-vizija-un-vertibas","status":"publish","type":"page","link":"https:\/\/laurenci.edu.lv\/index.php\/skolas-misija-vizija-un-vertibas\/","title":{"rendered":"Skolas misija, v\u012bzija un v\u0113rt\u012bbas"},"content":{"rendered":"\n<p class=\"has-text-align-center\"><strong>2013.gada 1.septembr\u012b Siguld\u0101 tika atkl\u0101ta jauna skola \u2013 Lauren\u010du s\u0101kumskola.<br>To veidoju\u0161i gan skolot\u0101ji, gan vec\u0101ki, k\u0101 ar\u012b citu nozaru profesion\u0101\u013ci, lai nodro\u0161in\u0101tu b\u0113rnu att\u012bst\u012bbu, veicin\u0101tu intelektu\u0101lo izaugsmi un atrais\u012btu sp\u0113jas un talantus.<\/strong><\/p>\n\n\n\n<p class=\"has-text-align-center\"><strong>Lauren\u010du s\u0101kumskolas v\u0113rt\u012bbas:<\/strong><br>DABA &#8211; IZAUGSME &#8211; CILV\u0112KS &#8211; KOPIENA<\/p>\n\n\n\n<p class=\"has-text-align-center\"><strong>MISIJA<\/strong>: att\u012bst\u012bt katra skol\u0113na individu\u0101l\u0101s sp\u0113jas un talantus dro\u0161\u0101, izgl\u012btojo\u0161\u0101 un m\u016bsdien\u012bg\u0101 vid\u0113<br><strong>V\u012aZIJA<\/strong>: cie\u0146pilns, m\u0113r\u0137tiec\u012bgs un sabiedriski akt\u012bvs skol\u0113ns, kur\u0161 ir savas valsts patriots un uztver dabu k\u0101 v\u0113rt\u012bbu<\/p>\n\n\n\n<p><strong>\u0160obr\u012bd Lauren\u010du s\u0101kumskol\u0101:<\/strong><\/p>\n\n\n\n<ul class=\"wp-block-list\">\n<li>21 kla\u0161u komplekt\u0101 m\u0101c\u0101s 465 izgl\u012btojamie;<\/li>\n\n\n\n<li>str\u0101d\u0101 42 pedagogi, taj\u0101 skait\u0101 15 ma\u0123istri;<\/li>\n\n\n\n<li>str\u0101d\u0101 15 tehniskie darbinieki.<\/li>\n<\/ul>\n\n\n\n<p><strong>Lauren\u010du&nbsp; s\u0101kumskol\u0101 ir m\u016bsdien\u012bgs un aizraujo\u0161s m\u0101c\u012bbu process, kas J\u016bsu b\u0113rniem nodro\u0161ina palieko\u0161u zin\u0101\u0161anu, prasmju un attieksmju apg\u016b\u0161anu.<\/strong><\/p>\n\n\n\n<ul class=\"wp-block-list\">\n<li>B\u0113rni m\u0101c\u0101s aizraut\u012bgu un rado\u0161u skolot\u0101ju vad\u012bb\u0101, praktiski un akt\u012bvi darbojoties \u2013 p\u0113tot, eksperiment\u0113jot, analiz\u0113jot, radot pa\u0161iem, lai ieg\u016btu vair\u0101k prieka un motiv\u0101cijas m\u0101c\u012bties.<\/li>\n\n\n\n<li>Izgl\u012bt\u012bbas saturs un m\u0101c\u012bbu metodes tiek izv\u0113l\u0113tas \u0146emot v\u0113r\u0101 katra skol\u0113na person\u012bbu, t\u0101d\u0113j\u0101di nodro\u0161inot j\u0113gpilnu m\u0101c\u012b\u0161an\u0101s procesu.<\/li>\n\n\n\n<li>Lauren\u010du s\u0101kumskol\u0101 skol\u0113niem ir iesp\u0113jas padzi\u013cin\u0101ti apg\u016bt dabaszin\u012bbas un inform\u0101cijas tehnolo\u0123ijas.<\/li>\n\n\n\n<li>M\u0113r\u0137tiec\u012bga un daudzveid\u012bga tehnolo\u0123iju izmanto\u0161ana, k\u0101 ar\u012b dabas vides pieejam\u012bba sniedz daudz pla\u0161\u0101kas iesp\u0113jas ar\u012b citu m\u0101c\u012bbu priek\u0161metu apguv\u0113.<\/li>\n\n\n\n<li>Skol\u0113niem tiek pied\u0101v\u0101ta viena papildu stunda ned\u0113\u013c\u0101 dabaszin\u012bb\u0101s, datorik\u0101 un matem\u0101tik\u0101, t\u0101pat skol\u0113ni var apmekl\u0113t papildu bezmaksas peld\u0113\u0161anas nodarb\u012bbas (katrai klasei 3 m\u0113ne\u0161u garum\u0101) un sl\u0113pot sporta stundu ietvaros Fischer sl\u0113po\u0161anas tras\u0113.<\/li>\n\n\n\n<li>Klas\u0113s ir neliels skol\u0113nu skaits (ne vair\u0101k k\u0101 24), kas dod iesp\u0113ju nodro\u0161in\u0101t individu\u0101lu pieeju katram b\u0113rnam.&nbsp;<\/li>\n<\/ul>\n\n\n\n<p><strong>Lauren\u010du s\u0101kumskol\u0101 J\u016bsu b\u0113rniem ir rad\u012bta dro\u0161a, draudz\u012bga un m\u0101j\u012bga vide.<\/strong><\/p>\n\n\n\n<ul class=\"wp-block-list\">\n<li>Skol\u0113niem tiek pied\u0101v\u0101ta iesp\u0113ja apmekl\u0113t pagarin\u0101to dienas grupu pedagogu uzraudz\u012bb\u0101 no 16:00 l\u012bdz 19:00.<\/li>\n\n\n\n<li>Lauren\u010du s\u0101kumskol\u0101 ir gai\u0161as, pla\u0161as un modernas telpas.<\/li>\n\n\n\n<li>Skol\u0113niem tiek pied\u0101v\u0101ts psihologa, soci\u0101l\u0101 pedagoga un logop\u0113da atbalsts.<\/li>\n\n\n\n<li>Skol\u0113niem tiek nodro\u0161in\u0101ta kvalific\u0113ta medic\u012bnisk\u0101 apr\u016bpe.<\/li>\n\n\n\n<li>4.-6.klases skol\u0113niem ir iesp\u0113ja darboties Skol\u0113nu padom\u0113.<\/li>\n<\/ul>\n\n\n\n<p><strong>Lauren\u010du s\u0101kumskol\u0101 skol\u0113niem ir iesp\u0113ja apmekl\u0113t da\u017e\u0101dus intere\u0161u izgl\u012bt\u012bbas pulci\u0146us:&nbsp;<\/strong>dabaszin\u012bbu pulci\u0146\u0161, skautu un gaidu kust\u012bba,  visp\u0101r\u0113j\u0101 fizisk\u0101 sagatavot\u012bba, vok\u0101l\u0101s nodarb\u012bbas, Lego robotika, hiphops u.c.<br>S\u012bk\u0101k par katra pulci\u0146a saturu var uzzin\u0101t skolas m\u0101jaslapas sada\u013c\u0101&nbsp;&#8220;\u0100rpusstundu darbs&#8221; &#8211;&gt; &#8220;Intere\u0161u izgl\u012bt\u012bba&#8221;. <\/p>\n\n\n\n<p><strong>Lauren\u010du s\u0101kumskolas trad\u012bcijas:<\/strong>&nbsp;Lauren\u010du s\u0101kumskolas 1.septembra sv\u0113tki, Sportisk\u0101 T\u0113vu diena, Dan\u010du vakars, Paldies sv\u0113tki vec\u0101kiem u.c. pas\u0101kumi valsts dzim\u0161anas dien\u0101, 1.kla\u0161u 100.skolas diena, Vec\u0101ku diena (atkl\u0101to stundu v\u0113ro\u0161ana), fotoorient\u0113\u0161an\u0101s \u201cEs zinu, kur tas ir!\u201d, projektu ned\u0113\u013ca m\u0101c\u012bbu gada nosl\u0113gum\u0101.<\/p>\n\n\n\n<p><strong>Ar\u012b vec\u0101ki tiek aicin\u0101ti l\u012bdzdarboties Lauren\u010du s\u0101kumskolas darba pl\u0101no\u0161an\u0101 un darb\u012bb\u0101.<\/strong><\/p>\n\n\n\n<ul class=\"wp-block-list\">\n<li>J\u016bs varat iesaist\u012bties Lauren\u010du s\u0101kumskolas Vec\u0101ku atbalsta biedr\u012bbas\u00a0darb\u0101.<\/li>\n\n\n\n<li>J\u016bs varat iesaist\u012bties Lauren\u010du s\u0101kumskolas Skolas padomes darb\u0101.<\/li>\n<\/ul>\n\n\n\n<p><strong>Lauren\u010du s\u0101kumskolas darb\u012bbai nepiecie\u0161amo finansi\u0101lo nodro\u0161in\u0101jumu veido:<\/strong><\/p>\n\n\n\n<ul class=\"wp-block-list\">\n<li>valsts m\u0113r\u0137dot\u0101cijas pedagogu darba alg\u0101m un intere\u0161u izgl\u012bt\u012bbai;<\/li>\n\n\n\n<li>vec\u0101ku l\u012bdzfinans\u0113jums pagarin\u0101t\u0101s dienas grupai (32 eur m\u0113nes\u012b) p\u0113c v\u0113lmes un vajadz\u012bbas;<\/li>\n\n\n\n<li>pa\u0161vald\u012bbas finans\u0113jums skolas \u0113kas uztur\u0113\u0161anai, m\u0101c\u012bbu l\u012bdzek\u013ciem, materi\u0101li tehniskaj\u0101m vajadz\u012bb\u0101m un tehnisk\u0101 person\u0101la atalgojumam;<\/li>\n\n\n\n<li>finans\u0113juma piesaiste no da\u017e\u0101diem projektiem izgl\u012bt\u012bbas inov\u0101ciju&nbsp;izstr\u0101dei;<\/li>\n\n\n\n<li>vec\u0101ku l\u012bdzfinans\u0113jums Lauren\u010du s\u0101kumskolas Vec\u0101ku atbalsta biedr\u012bbai (25 eur m\u0113nes\u012b): biedr\u012bbas m\u0113r\u0137is ir nodro\u0161in\u0101t nepiecie\u0161amos resursus kla\u0161u pas\u0101kumu un aktivit\u0101\u0161u r\u012bko\u0161anai (tematisk\u0101s lekcijas u.c. pas\u0101kumi, ekskursijas u.tml.). T\u0101pat Lauren\u010du s\u0101kumskolas Vec\u0101ku atbalsta biedr\u012bba un skolas komanda mekl\u0113 papildus finans\u0113juma avotus skolas darb\u012bbai no valsts, pa\u0161vald\u012bbas, priv\u0101t\u0101 sektora u.tml. fondiem.&nbsp;S\u012bk\u0101k par Vec\u0101ku biedr\u012bbu var uzzin\u0101t skolas m\u0101jaslapas sada\u013c\u0101 &#8220;Par skolu&#8221; &#8211;&gt;&nbsp;&#8220;Vec\u0101ku biedr\u012bba&#8221;. <\/li>\n<\/ul>\n","protected":false},"excerpt":{"rendered":"<p>2013.gada 1.septembr\u012b Siguld\u0101 tika atkl\u0101ta jauna skola \u2013 Lauren\u010du s\u0101kumskola.To veidoju\u0161i gan skolot\u0101ji, gan vec\u0101ki, k\u0101 ar\u012b citu nozaru profesion\u0101\u013ci, lai nodro\u0161in\u0101tu b\u0113rnu att\u012bst\u012bbu, veicin\u0101tu intelektu\u0101lo izaugsmi un atrais\u012btu sp\u0113jas un talantus. Lauren\u010du s\u0101kumskolas v\u0113rt\u012bbas:DABA &#8211; IZAUGSME &#8211; CILV\u0112KS &#8211; KOPIENA MISIJA: att\u012bst\u012bt katra skol\u0113na individu\u0101l\u0101s sp\u0113jas un talantus dro\u0161\u0101, izgl\u012btojo\u0161\u0101 un m\u016bsdien\u012bg\u0101 vid\u0113V\u012aZIJA: cie\u0146pilns, &#8230; <a title=\"Skolas misija, v\u012bzija un v\u0113rt\u012bbas\" class=\"read-more\" href=\"https:\/\/laurenci.edu.lv\/index.php\/skolas-misija-vizija-un-vertibas\/\" aria-label=\"Read more about Skolas misija, v\u012bzija un v\u0113rt\u012bbas\">Las\u012bt t\u0101l\u0101k<\/a><\/p>\n","protected":false},"author":3,"featured_media":0,"parent":0,"menu_order":0,"comment_status":"closed","ping_status":"closed","template":"","meta":{"footnotes":""},"class_list":["post-205","page","type-page","status-publish"],"_links":{"self":[{"href":"https:\/\/laurenci.edu.lv\/index.php\/wp-json\/wp\/v2\/pages\/205","targetHints":{"allow":["GET"]}}],"collection":[{"href":"https:\/\/laurenci.edu.lv\/index.php\/wp-json\/wp\/v2\/pages"}],"about":[{"href":"https:\/\/laurenci.edu.lv\/index.php\/wp-json\/wp\/v2\/types\/page"}],"author":[{"embeddable":true,"href":"https:\/\/laurenci.edu.lv\/index.php\/wp-json\/wp\/v2\/users\/3"}],"replies":[{"embeddable":true,"href":"https:\/\/laurenci.edu.lv\/index.php\/wp-json\/wp\/v2\/comments?post=205"}],"version-history":[{"count":13,"href":"https:\/\/laurenci.edu.lv\/index.php\/wp-json\/wp\/v2\/pages\/205\/revisions"}],"predecessor-version":[{"id":677,"href":"https:\/\/laurenci.edu.lv\/index.php\/wp-json\/wp\/v2\/pages\/205\/revisions\/677"}],"wp:attachment":[{"href":"https:\/\/laurenci.edu.lv\/index.php\/wp-json\/wp\/v2\/media?parent=205"}],"curies":[{"name":"wp","href":"https:\/\/api.w.org\/{rel}","templated":true}]}}