{"id":229,"date":"2023-08-21T08:59:06","date_gmt":"2023-08-21T06:59:06","guid":{"rendered":"https:\/\/skola2.sigulda.lv\/?page_id=229"},"modified":"2025-09-08T00:13:26","modified_gmt":"2025-09-07T21:13:26","slug":"edinasana","status":"publish","type":"page","link":"https:\/\/laurenci.edu.lv\/index.php\/edinasana\/","title":{"rendered":"\u0112din\u0101\u0161ana"},"content":{"rendered":"\n<p><strong>Samaksa par pusdien\u0101m dien\u0101:<\/strong><\/p>\n\n\n\n<ul class=\"wp-block-list\">\n<li>Pusdienas 1.-4. klas\u0113m Euro 2,90 kompens\u0113 valsts un pa\u0161vald\u012bba<\/li>\n\n\n\n<li>Pusdienas 5.-6. klas\u0113m Euro 2,90\u00a0 kompens\u0113 pa\u0161vald\u012bba<\/li>\n\n\n\n<li>Brokastis: Euro 1,30<\/li>\n\n\n\n<li>Launags: Euro 1,20<\/li>\n<\/ul>\n\n\n\n<p><strong>Samaksas noteikumi:<\/strong><\/p>\n\n\n\n<ul class=\"wp-block-list\">\n<li>samaksa par \u0113din\u0101\u0161anu tiek veikta ar p\u0101rskait\u012bjumu<\/li>\n\n\n\n<li>samaksa par brokast\u012bm, launagu j\u0101veic l\u012bdz teko\u0161\u0101 m\u0113ne\u0161a 10. datumam;<\/li>\n<\/ul>\n\n\n\n<p><strong>Nepiecie\u0161am\u0101 inform\u0101cija, kas j\u0101nor\u0101da veicot p\u0101rskait\u012bjumu:<\/strong><\/p>\n\n\n\n<ul class=\"wp-block-list\">\n<li>b\u0113rna v\u0101rds un uzv\u0101rds;<\/li>\n\n\n\n<li>klase;<\/li>\n\n\n\n<li>m\u0113nesis;<\/li>\n\n\n\n<li>brokastu un launaga summa nor\u0101d\u012bt atsevi\u0161\u0137i inform\u0101cij\u0101.<\/li>\n<\/ul>\n\n\n\n<p><strong>L\u016bgums vec\u0101kiem maks\u0101jumus p\u0101rskait\u012bt uz \u0161o kontu:<\/strong><\/p>\n\n\n\n<p>Sa\u0146\u0113m\u0113js: SIA \u201eArseja\u201d<br>Re\u0123istr\u0101cijas Nr. LV40103286831<br>Sa\u0146\u0113m\u0113ja banka: A\/S Swedbank<br>Konta nr. LV60HABA0551038883133<\/p>\n\n\n\n<ul class=\"wp-block-list\">\n<li>Ja jums ir konts Swedbank\u0101, izdev\u012bg\u0101k lietot internetbanku, tad netiek apr\u0113\u0137in\u0101ta komisijas maksa par veikto p\u0101rskait\u012bjumu.<\/li>\n\n\n\n<li>Ja p\u0101rskait\u012bjumu veic no citas bankas vai pasta, maks\u0101jums tiek sa\u0146emts p\u0113c da\u017e\u0101m dien\u0101m. L\u016bgums \u0161o faktu \u0146emt v\u0113r\u0101.<\/li>\n<\/ul>\n\n\n\n<p><strong><em>Maks\u0101jumus l\u016bdzu veikt par pilnu m\u0113nesi l\u012bdz teko\u0161\u0101 m\u0113ne\u0161a 10.datumam.<\/em><\/strong><\/p>\n\n\n\n<p>Maks\u0101jumu summas un atteikto dienu skaitu var\u0113siet uzzin\u0101t \u0113dn\u012bc\u0101 vai zvanot mob.&nbsp;<strong>26366035<br><\/strong>Savlaic\u012bgi atteikt kopgalda pusdienas par skol\u0113na neiera\u0161anos skol\u0101 darba laik\u0101 no 8:00 \u2013 17.00 vai konkr\u0113taj\u0101 dien\u0101 l\u012bdz plkst. 8:30. zvanot mob.&nbsp;<strong>26366035<\/strong><\/p>\n","protected":false},"excerpt":{"rendered":"<p>Samaksa par pusdien\u0101m dien\u0101: Samaksas noteikumi: Nepiecie\u0161am\u0101 inform\u0101cija, kas j\u0101nor\u0101da veicot p\u0101rskait\u012bjumu: L\u016bgums vec\u0101kiem maks\u0101jumus p\u0101rskait\u012bt uz \u0161o kontu: Sa\u0146\u0113m\u0113js: SIA \u201eArseja\u201dRe\u0123istr\u0101cijas Nr. LV40103286831Sa\u0146\u0113m\u0113ja banka: A\/S SwedbankKonta nr. LV60HABA0551038883133 Maks\u0101jumus l\u016bdzu veikt par pilnu m\u0113nesi l\u012bdz teko\u0161\u0101 m\u0113ne\u0161a 10.datumam. Maks\u0101jumu summas un atteikto dienu skaitu var\u0113siet uzzin\u0101t \u0113dn\u012bc\u0101 vai zvanot mob.&nbsp;26366035Savlaic\u012bgi atteikt kopgalda pusdienas par &#8230; <a title=\"\u0112din\u0101\u0161ana\" class=\"read-more\" href=\"https:\/\/laurenci.edu.lv\/index.php\/edinasana\/\" aria-label=\"Read more about \u0112din\u0101\u0161ana\">Las\u012bt t\u0101l\u0101k<\/a><\/p>\n","protected":false},"author":3,"featured_media":0,"parent":0,"menu_order":0,"comment_status":"closed","ping_status":"closed","template":"","meta":{"footnotes":""},"class_list":["post-229","page","type-page","status-publish"],"_links":{"self":[{"href":"https:\/\/laurenci.edu.lv\/index.php\/wp-json\/wp\/v2\/pages\/229","targetHints":{"allow":["GET"]}}],"collection":[{"href":"https:\/\/laurenci.edu.lv\/index.php\/wp-json\/wp\/v2\/pages"}],"about":[{"href":"https:\/\/laurenci.edu.lv\/index.php\/wp-json\/wp\/v2\/types\/page"}],"author":[{"embeddable":true,"href":"https:\/\/laurenci.edu.lv\/index.php\/wp-json\/wp\/v2\/users\/3"}],"replies":[{"embeddable":true,"href":"https:\/\/laurenci.edu.lv\/index.php\/wp-json\/wp\/v2\/comments?post=229"}],"version-history":[{"count":4,"href":"https:\/\/laurenci.edu.lv\/index.php\/wp-json\/wp\/v2\/pages\/229\/revisions"}],"predecessor-version":[{"id":3541,"href":"https:\/\/laurenci.edu.lv\/index.php\/wp-json\/wp\/v2\/pages\/229\/revisions\/3541"}],"wp:attachment":[{"href":"https:\/\/laurenci.edu.lv\/index.php\/wp-json\/wp\/v2\/media?parent=229"}],"curies":[{"name":"wp","href":"https:\/\/api.w.org\/{rel}","templated":true}]}}