{"id":334,"date":"2023-08-21T11:49:52","date_gmt":"2023-08-21T09:49:52","guid":{"rendered":"https:\/\/skola2.sigulda.lv\/?page_id=334"},"modified":"2023-09-14T16:10:47","modified_gmt":"2023-09-14T13:10:47","slug":"334-2","status":"publish","type":"page","link":"https:\/\/laurenci.edu.lv\/","title":{"rendered":""},"content":{"rendered":"<div class=\"psacp-wrap psacp-slider-wrap-main\">\r\n\t<div id=\"psacp-post-slider-wrap-1\" class=\"psacp-post-slider-wrap owl-carousel psacp-design-1  psacp-clearfix\" data-conf=\"{&quot;loop&quot;:true,&quot;arrows&quot;:true,&quot;dots&quot;:true,&quot;autoplay&quot;:true,&quot;autoplay_interval&quot;:5000,&quot;speed&quot;:500,&quot;rtl&quot;:false}\"><div class=\"psacp-post-slide psacp-post-4789 psacp-post-standard psacp-has-thumb\">\r\n\t<div class=\"psacp-post-slider-content\">\r\n\t\t<a class=\"psacp-post-linkoverlay\" href=\"https:\/\/laurenci.edu.lv\/index.php\/2026\/04\/17\/4-a-klase-macibu-ekskursija-apmekle-jurmalu\/\"><\/a>\r\n\t\t<div class=\"psacp-post-img-bg\" style=\"background-image:url(https:\/\/laurenci.edu.lv\/wp-content\/uploads\/2026\/04\/WhatsApp-Image-2026-04-17-at-08.53.27-1-1024x577.jpeg); \">\r\n\t\t\t<div class=\"psacp-featured-meta\">\r\n\t\t\t\t\t\t\t\r\n\t\t\t\t<h2 class=\"psacp-post-title\">\r\n\t\t\t\t\t<a href=\"https:\/\/laurenci.edu.lv\/index.php\/2026\/04\/17\/4-a-klase-macibu-ekskursija-apmekle-jurmalu\/\">4.a klase m\u0101c\u012bbu ekskursij\u0101 apmekl\u0113 J\u016brmalu<\/a>\r\n\t\t\t\t<\/h2>\r\n\r\n\t\t\t\t\t\t\t\t<div class=\"psacp-post-meta psacp-post-meta-up\">\r\n\t\t\t\t\t<span class=\"psacp-post-meta-data psacp-post-date\"><i class=\"psacp-fa fa-regular fa-clock\"><\/i>17. apr\u012blis, 2026.<\/span>\t\t\t\t<\/div>\r\n\t\t\t\t\t\t\t<\/div>\r\n\t\t<\/div>\r\n\t<\/div>\r\n<\/div><div class=\"psacp-post-slide psacp-post-4786 psacp-post-standard psacp-has-thumb\">\r\n\t<div class=\"psacp-post-slider-content\">\r\n\t\t<a class=\"psacp-post-linkoverlay\" href=\"https:\/\/laurenci.edu.lv\/index.php\/2026\/04\/15\/aizvadits-skolenu-organizets-karaokes-konkurss\/\"><\/a>\r\n\t\t<div class=\"psacp-post-img-bg\" style=\"background-image:url(https:\/\/laurenci.edu.lv\/wp-content\/uploads\/2026\/04\/IMG_8512-1024x708.jpeg); \">\r\n\t\t\t<div class=\"psacp-featured-meta\">\r\n\t\t\t\t\t\t\t\r\n\t\t\t\t<h2 class=\"psacp-post-title\">\r\n\t\t\t\t\t<a href=\"https:\/\/laurenci.edu.lv\/index.php\/2026\/04\/15\/aizvadits-skolenu-organizets-karaokes-konkurss\/\">Aizvad\u012bts skol\u0113nu organiz\u0113ts karaokes konkurss<\/a>\r\n\t\t\t\t<\/h2>\r\n\r\n\t\t\t\t\t\t\t\t<div class=\"psacp-post-meta psacp-post-meta-up\">\r\n\t\t\t\t\t<span class=\"psacp-post-meta-data psacp-post-date\"><i class=\"psacp-fa fa-regular fa-clock\"><\/i>15. apr\u012blis, 2026.<\/span>\t\t\t\t<\/div>\r\n\t\t\t\t\t\t\t<\/div>\r\n\t\t<\/div>\r\n\t<\/div>\r\n<\/div><div class=\"psacp-post-slide psacp-post-4781 psacp-post-standard psacp-has-thumb\">\r\n\t<div class=\"psacp-post-slider-content\">\r\n\t\t<a class=\"psacp-post-linkoverlay\" href=\"https:\/\/laurenci.edu.lv\/index.php\/2026\/04\/14\/jaunie-sahisti-ar-lieliskiem-panakumiem-starte-turnira\/\"><\/a>\r\n\t\t<div class=\"psacp-post-img-bg\" style=\"background-image:url(https:\/\/laurenci.edu.lv\/wp-content\/uploads\/2026\/04\/1000020137-768x1024.jpg); \">\r\n\t\t\t<div class=\"psacp-featured-meta\">\r\n\t\t\t\t\t\t\t\r\n\t\t\t\t<h2 class=\"psacp-post-title\">\r\n\t\t\t\t\t<a href=\"https:\/\/laurenci.edu.lv\/index.php\/2026\/04\/14\/jaunie-sahisti-ar-lieliskiem-panakumiem-starte-turnira\/\">Jaunie \u0161ahisti ar lieliskiem pan\u0101kumiem start\u0113 turn\u012br\u0101<\/a>\r\n\t\t\t\t<\/h2>\r\n\r\n\t\t\t\t\t\t\t\t<div class=\"psacp-post-meta psacp-post-meta-up\">\r\n\t\t\t\t\t<span class=\"psacp-post-meta-data psacp-post-date\"><i class=\"psacp-fa fa-regular fa-clock\"><\/i>14. apr\u012blis, 2026.<\/span>\t\t\t\t<\/div>\r\n\t\t\t\t\t\t\t<\/div>\r\n\t\t<\/div>\r\n\t<\/div>\r\n<\/div><div class=\"psacp-post-slide psacp-post-4778 psacp-post-standard psacp-has-thumb\">\r\n\t<div class=\"psacp-post-slider-content\">\r\n\t\t<a class=\"psacp-post-linkoverlay\" href=\"https:\/\/laurenci.edu.lv\/index.php\/2026\/04\/14\/lepojamies-8\/\"><\/a>\r\n\t\t<div class=\"psacp-post-img-bg\" style=\"background-image:url(https:\/\/laurenci.edu.lv\/wp-content\/uploads\/2026\/04\/Lepojamies-724x1024.jpg); \">\r\n\t\t\t<div class=\"psacp-featured-meta\">\r\n\t\t\t\t\t\t\t\r\n\t\t\t\t<h2 class=\"psacp-post-title\">\r\n\t\t\t\t\t<a href=\"https:\/\/laurenci.edu.lv\/index.php\/2026\/04\/14\/lepojamies-8\/\">Lepojamies!<\/a>\r\n\t\t\t\t<\/h2>\r\n\r\n\t\t\t\t\t\t\t\t<div class=\"psacp-post-meta psacp-post-meta-up\">\r\n\t\t\t\t\t<span class=\"psacp-post-meta-data psacp-post-date\"><i class=\"psacp-fa fa-regular fa-clock\"><\/i>14. apr\u012blis, 2026.<\/span>\t\t\t\t<\/div>\r\n\t\t\t\t\t\t\t<\/div>\r\n\t\t<\/div>\r\n\t<\/div>\r\n<\/div><div class=\"psacp-post-slide psacp-post-4763 psacp-post-standard psacp-has-thumb\">\r\n\t<div class=\"psacp-post-slider-content\">\r\n\t\t<a class=\"psacp-post-linkoverlay\" href=\"https:\/\/laurenci.edu.lv\/index.php\/2026\/04\/09\/aizvaditas-radosi-petniecisko-darbu-skolas-skates\/\"><\/a>\r\n\t\t<div class=\"psacp-post-img-bg\" style=\"background-image:url(https:\/\/laurenci.edu.lv\/wp-content\/uploads\/2026\/04\/5a465cf1-6d2e-473d-a873-0f0f0dded274_img_8449-1024x768.jpeg); \">\r\n\t\t\t<div class=\"psacp-featured-meta\">\r\n\t\t\t\t\t\t\t\r\n\t\t\t\t<h2 class=\"psacp-post-title\">\r\n\t\t\t\t\t<a href=\"https:\/\/laurenci.edu.lv\/index.php\/2026\/04\/09\/aizvaditas-radosi-petniecisko-darbu-skolas-skates\/\">Aizvad\u012btas Rado\u0161i p\u0113tniecisko darbu skolas skates<\/a>\r\n\t\t\t\t<\/h2>\r\n\r\n\t\t\t\t\t\t\t\t<div class=\"psacp-post-meta psacp-post-meta-up\">\r\n\t\t\t\t\t<span class=\"psacp-post-meta-data psacp-post-date\"><i class=\"psacp-fa fa-regular fa-clock\"><\/i>9. apr\u012blis, 2026.<\/span>\t\t\t\t<\/div>\r\n\t\t\t\t\t\t\t<\/div>\r\n\t\t<\/div>\r\n\t<\/div>\r\n<\/div><div class=\"psacp-post-slide psacp-post-4752 psacp-post-standard psacp-has-thumb\">\r\n\t<div class=\"psacp-post-slider-content\">\r\n\t\t<a class=\"psacp-post-linkoverlay\" href=\"https:\/\/laurenci.edu.lv\/index.php\/2026\/04\/09\/atskanas-no-joku-dienas\/\"><\/a>\r\n\t\t<div class=\"psacp-post-img-bg\" style=\"background-image:url(https:\/\/laurenci.edu.lv\/wp-content\/uploads\/2026\/04\/3c5f1dc1-8cb4-4999-ba4b-3edda8ffb0a8-768x1024.jpg); \">\r\n\t\t\t<div class=\"psacp-featured-meta\">\r\n\t\t\t\t\t\t\t\r\n\t\t\t\t<h2 class=\"psacp-post-title\">\r\n\t\t\t\t\t<a href=\"https:\/\/laurenci.edu.lv\/index.php\/2026\/04\/09\/atskanas-no-joku-dienas\/\">Atska\u0146as no joku dienas<\/a>\r\n\t\t\t\t<\/h2>\r\n\r\n\t\t\t\t\t\t\t\t<div class=\"psacp-post-meta psacp-post-meta-up\">\r\n\t\t\t\t\t<span class=\"psacp-post-meta-data psacp-post-date\"><i class=\"psacp-fa fa-regular fa-clock\"><\/i>9. apr\u012blis, 2026.<\/span>\t\t\t\t<\/div>\r\n\t\t\t\t\t\t\t<\/div>\r\n\t\t<\/div>\r\n\t<\/div>\r\n<\/div><div class=\"psacp-post-slide psacp-post-4725 psacp-post-standard psacp-has-thumb\">\r\n\t<div class=\"psacp-post-slider-content\">\r\n\t\t<a class=\"psacp-post-linkoverlay\" href=\"https:\/\/laurenci.edu.lv\/index.php\/2026\/04\/07\/aizvadits-macibu-tirdzins-3-klases\/\"><\/a>\r\n\t\t<div class=\"psacp-post-img-bg\" style=\"background-image:url(https:\/\/laurenci.edu.lv\/wp-content\/uploads\/2026\/04\/WhatsApp-Image-2026-04-02-at-16.04.48-1-768x1024.jpeg); \">\r\n\t\t\t<div class=\"psacp-featured-meta\">\r\n\t\t\t\t\t\t\t\r\n\t\t\t\t<h2 class=\"psacp-post-title\">\r\n\t\t\t\t\t<a href=\"https:\/\/laurenci.edu.lv\/index.php\/2026\/04\/07\/aizvadits-macibu-tirdzins-3-klases\/\">Aizvad\u012bts m\u0101c\u012bbu tirdzi\u0146\u0161 3.klas\u0113s<\/a>\r\n\t\t\t\t<\/h2>\r\n\r\n\t\t\t\t\t\t\t\t<div class=\"psacp-post-meta psacp-post-meta-up\">\r\n\t\t\t\t\t<span class=\"psacp-post-meta-data psacp-post-date\"><i class=\"psacp-fa fa-regular fa-clock\"><\/i>7. apr\u012blis, 2026.<\/span>\t\t\t\t<\/div>\r\n\t\t\t\t\t\t\t<\/div>\r\n\t\t<\/div>\r\n\t<\/div>\r\n<\/div><div class=\"psacp-post-slide psacp-post-4708 psacp-post-standard psacp-has-thumb\">\r\n\t<div class=\"psacp-post-slider-content\">\r\n\t\t<a class=\"psacp-post-linkoverlay\" href=\"https:\/\/laurenci.edu.lv\/index.php\/2026\/04\/07\/aicinam-papildinat-skolas-galda-spelu-klastu\/\"><\/a>\r\n\t\t<div class=\"psacp-post-img-bg\" style=\"background-image:url(https:\/\/laurenci.edu.lv\/wp-content\/uploads\/2026\/04\/Red-And-Yellow-Playful-Illustrative-Game-Night-Party-Invitation-726x1024.jpg); \">\r\n\t\t\t<div class=\"psacp-featured-meta\">\r\n\t\t\t\t\t\t\t\r\n\t\t\t\t<h2 class=\"psacp-post-title\">\r\n\t\t\t\t\t<a href=\"https:\/\/laurenci.edu.lv\/index.php\/2026\/04\/07\/aicinam-papildinat-skolas-galda-spelu-klastu\/\">Aicin\u0101m papildin\u0101t skolas galda sp\u0113\u013cu kl\u0101stu!<\/a>\r\n\t\t\t\t<\/h2>\r\n\r\n\t\t\t\t\t\t\t\t<div class=\"psacp-post-meta psacp-post-meta-up\">\r\n\t\t\t\t\t<span class=\"psacp-post-meta-data psacp-post-date\"><i class=\"psacp-fa fa-regular fa-clock\"><\/i>7. apr\u012blis, 2026.<\/span>\t\t\t\t<\/div>\r\n\t\t\t\t\t\t\t<\/div>\r\n\t\t<\/div>\r\n\t<\/div>\r\n<\/div><div class=\"psacp-post-slide psacp-post-4714 psacp-post-standard psacp-has-thumb\">\r\n\t<div class=\"psacp-post-slider-content\">\r\n\t\t<a class=\"psacp-post-linkoverlay\" href=\"https:\/\/laurenci.edu.lv\/index.php\/2026\/04\/07\/6-b-klase-apmekle-kokaudzetavu-zabaki\/\"><\/a>\r\n\t\t<div class=\"psacp-post-img-bg\" style=\"background-image:url(https:\/\/laurenci.edu.lv\/wp-content\/uploads\/2026\/04\/WhatsApp-Image-2026-04-05-at-19.44.36-1024x576.jpeg); \">\r\n\t\t\t<div class=\"psacp-featured-meta\">\r\n\t\t\t\t\t\t\t\r\n\t\t\t\t<h2 class=\"psacp-post-title\">\r\n\t\t\t\t\t<a href=\"https:\/\/laurenci.edu.lv\/index.php\/2026\/04\/07\/6-b-klase-apmekle-kokaudzetavu-zabaki\/\">6.b klase apmekl\u0113 kokaudz\u0113tavu &#8220;Z\u0101baki&#8221;<\/a>\r\n\t\t\t\t<\/h2>\r\n\r\n\t\t\t\t\t\t\t\t<div class=\"psacp-post-meta psacp-post-meta-up\">\r\n\t\t\t\t\t<span class=\"psacp-post-meta-data psacp-post-date\"><i class=\"psacp-fa fa-regular fa-clock\"><\/i>7. apr\u012blis, 2026.<\/span>\t\t\t\t<\/div>\r\n\t\t\t\t\t\t\t<\/div>\r\n\t\t<\/div>\r\n\t<\/div>\r\n<\/div><div class=\"psacp-post-slide psacp-post-4711 psacp-post-standard psacp-has-thumb\">\r\n\t<div class=\"psacp-post-slider-content\">\r\n\t\t<a class=\"psacp-post-linkoverlay\" href=\"https:\/\/laurenci.edu.lv\/index.php\/2026\/04\/05\/sveiciens-svetkos\/\"><\/a>\r\n\t\t<div class=\"psacp-post-img-bg\" style=\"background-image:url(https:\/\/laurenci.edu.lv\/wp-content\/uploads\/2026\/04\/Cream-Modern-Happy-Easter-Facebook-Post-1024x858.jpg); \">\r\n\t\t\t<div class=\"psacp-featured-meta\">\r\n\t\t\t\t\t\t\t\r\n\t\t\t\t<h2 class=\"psacp-post-title\">\r\n\t\t\t\t\t<a href=\"https:\/\/laurenci.edu.lv\/index.php\/2026\/04\/05\/sveiciens-svetkos\/\">Sveiciens sv\u0113tkos!<\/a>\r\n\t\t\t\t<\/h2>\r\n\r\n\t\t\t\t\t\t\t\t<div class=\"psacp-post-meta psacp-post-meta-up\">\r\n\t\t\t\t\t<span class=\"psacp-post-meta-data psacp-post-date\"><i class=\"psacp-fa fa-regular fa-clock\"><\/i>5. apr\u012blis, 2026.<\/span>\t\t\t\t<\/div>\r\n\t\t\t\t\t\t\t<\/div>\r\n\t\t<\/div>\r\n\t<\/div>\r\n<\/div><div class=\"psacp-post-slide psacp-post-4703 psacp-post-standard psacp-has-thumb\">\r\n\t<div class=\"psacp-post-slider-content\">\r\n\t\t<a class=\"psacp-post-linkoverlay\" href=\"https:\/\/laurenci.edu.lv\/index.php\/2026\/04\/02\/skolas-vadibas-komanda-piedalijusies-erasmus-mobilitate-dublina\/\"><\/a>\r\n\t\t<div class=\"psacp-post-img-bg\" style=\"background-image:url(https:\/\/laurenci.edu.lv\/wp-content\/uploads\/2026\/04\/WhatsApp-Image-2026-03-31-at-21_02_16-1024x768.jpeg); \">\r\n\t\t\t<div class=\"psacp-featured-meta\">\r\n\t\t\t\t\t\t\t\r\n\t\t\t\t<h2 class=\"psacp-post-title\">\r\n\t\t\t\t\t<a href=\"https:\/\/laurenci.edu.lv\/index.php\/2026\/04\/02\/skolas-vadibas-komanda-piedalijusies-erasmus-mobilitate-dublina\/\">Skolas vad\u012bbas komanda piedal\u012bjusies Erasmus+ mobilit\u0101t\u0113 Dublin\u0101<\/a>\r\n\t\t\t\t<\/h2>\r\n\r\n\t\t\t\t\t\t\t\t<div class=\"psacp-post-meta psacp-post-meta-up\">\r\n\t\t\t\t\t<span class=\"psacp-post-meta-data psacp-post-date\"><i class=\"psacp-fa fa-regular fa-clock\"><\/i>2. apr\u012blis, 2026.<\/span>\t\t\t\t<\/div>\r\n\t\t\t\t\t\t\t<\/div>\r\n\t\t<\/div>\r\n\t<\/div>\r\n<\/div><div class=\"psacp-post-slide psacp-post-4698 psacp-post-standard psacp-has-thumb\">\r\n\t<div class=\"psacp-post-slider-content\">\r\n\t\t<a class=\"psacp-post-linkoverlay\" href=\"https:\/\/laurenci.edu.lv\/index.php\/2026\/04\/02\/laurencu-sakumskolas-skolotajas-piedalas-erasmus-mobilitate-spanija\/\"><\/a>\r\n\t\t<div class=\"psacp-post-img-bg\" style=\"background-image:url(https:\/\/laurenci.edu.lv\/wp-content\/uploads\/2026\/04\/20260306_125030391_iOS-2.heic); \">\r\n\t\t\t<div class=\"psacp-featured-meta\">\r\n\t\t\t\t\t\t\t\r\n\t\t\t\t<h2 class=\"psacp-post-title\">\r\n\t\t\t\t\t<a href=\"https:\/\/laurenci.edu.lv\/index.php\/2026\/04\/02\/laurencu-sakumskolas-skolotajas-piedalas-erasmus-mobilitate-spanija\/\">Lauren\u010du s\u0101kumskolas skolot\u0101jas piedal\u0101s Erasmus+ mobilit\u0101t\u0113 Sp\u0101nij\u0101<\/a>\r\n\t\t\t\t<\/h2>\r\n\r\n\t\t\t\t\t\t\t\t<div class=\"psacp-post-meta psacp-post-meta-up\">\r\n\t\t\t\t\t<span class=\"psacp-post-meta-data psacp-post-date\"><i class=\"psacp-fa fa-regular fa-clock\"><\/i>2. apr\u012blis, 2026.<\/span>\t\t\t\t<\/div>\r\n\t\t\t\t\t\t\t<\/div>\r\n\t\t<\/div>\r\n\t<\/div>\r\n<\/div><div class=\"psacp-post-slide psacp-post-4674 psacp-post-standard psacp-has-thumb\">\r\n\t<div class=\"psacp-post-slider-content\">\r\n\t\t<a class=\"psacp-post-linkoverlay\" href=\"https:\/\/laurenci.edu.lv\/index.php\/2026\/04\/02\/laureni-veic-eksperimentus-un-apmekle-kosmosa-izzinas-centru\/\"><\/a>\r\n\t\t<div class=\"psacp-post-img-bg\" style=\"background-image:url(https:\/\/laurenci.edu.lv\/wp-content\/uploads\/2026\/04\/WhatsApp-Image-2026-03-26-at-16.02.24-1-768x1024.jpeg); \">\r\n\t\t\t<div class=\"psacp-featured-meta\">\r\n\t\t\t\t\t\t\t\r\n\t\t\t\t<h2 class=\"psacp-post-title\">\r\n\t\t\t\t\t<a href=\"https:\/\/laurenci.edu.lv\/index.php\/2026\/04\/02\/laureni-veic-eksperimentus-un-apmekle-kosmosa-izzinas-centru\/\">Laur\u0113ni veic eksperimentus un apmekl\u0113 Kosmosa izzi\u0146as centru<\/a>\r\n\t\t\t\t<\/h2>\r\n\r\n\t\t\t\t\t\t\t\t<div class=\"psacp-post-meta psacp-post-meta-up\">\r\n\t\t\t\t\t<span class=\"psacp-post-meta-data psacp-post-date\"><i class=\"psacp-fa fa-regular fa-clock\"><\/i>2. apr\u012blis, 2026.<\/span>\t\t\t\t<\/div>\r\n\t\t\t\t\t\t\t<\/div>\r\n\t\t<\/div>\r\n\t<\/div>\r\n<\/div><div class=\"psacp-post-slide psacp-post-4663 psacp-post-standard psacp-has-thumb\">\r\n\t<div class=\"psacp-post-slider-content\">\r\n\t\t<a class=\"psacp-post-linkoverlay\" href=\"https:\/\/laurenci.edu.lv\/index.php\/2026\/03\/31\/2-b-klase-piedalas-nodarbiba-gnp-dabas-centra\/\"><\/a>\r\n\t\t<div class=\"psacp-post-img-bg\" style=\"background-image:url(https:\/\/laurenci.edu.lv\/wp-content\/uploads\/2026\/03\/WhatsApp-Image-2026-03-30-at-15.58.13-768x1024.jpeg); \">\r\n\t\t\t<div class=\"psacp-featured-meta\">\r\n\t\t\t\t\t\t\t\r\n\t\t\t\t<h2 class=\"psacp-post-title\">\r\n\t\t\t\t\t<a href=\"https:\/\/laurenci.edu.lv\/index.php\/2026\/03\/31\/2-b-klase-piedalas-nodarbiba-gnp-dabas-centra\/\">2.b klase piedal\u0101s nodarb\u012bb\u0101 GNP dabas centr\u0101<\/a>\r\n\t\t\t\t<\/h2>\r\n\r\n\t\t\t\t\t\t\t\t<div class=\"psacp-post-meta psacp-post-meta-up\">\r\n\t\t\t\t\t<span class=\"psacp-post-meta-data psacp-post-date\"><i class=\"psacp-fa fa-regular fa-clock\"><\/i>31. marts, 2026.<\/span>\t\t\t\t<\/div>\r\n\t\t\t\t\t\t\t<\/div>\r\n\t\t<\/div>\r\n\t<\/div>\r\n<\/div><div class=\"psacp-post-slide psacp-post-4647 psacp-post-standard psacp-has-thumb\">\r\n\t<div class=\"psacp-post-slider-content\">\r\n\t\t<a class=\"psacp-post-linkoverlay\" href=\"https:\/\/laurenci.edu.lv\/index.php\/2026\/03\/30\/laurencu-sakumskola-piedalijusies-miega-dienas-akcija\/\"><\/a>\r\n\t\t<div class=\"psacp-post-img-bg\" style=\"background-image:url(https:\/\/laurenci.edu.lv\/wp-content\/uploads\/2026\/03\/WhatsApp-Image-2026-03-26-at-12.54.31-1-768x1024.jpeg); \">\r\n\t\t\t<div class=\"psacp-featured-meta\">\r\n\t\t\t\t\t\t\t\r\n\t\t\t\t<h2 class=\"psacp-post-title\">\r\n\t\t\t\t\t<a href=\"https:\/\/laurenci.edu.lv\/index.php\/2026\/03\/30\/laurencu-sakumskola-piedalijusies-miega-dienas-akcija\/\">Lauren\u010du s\u0101kumskola piedal\u012bjusies Miega dienas akcij\u0101<\/a>\r\n\t\t\t\t<\/h2>\r\n\r\n\t\t\t\t\t\t\t\t<div class=\"psacp-post-meta psacp-post-meta-up\">\r\n\t\t\t\t\t<span class=\"psacp-post-meta-data psacp-post-date\"><i class=\"psacp-fa fa-regular fa-clock\"><\/i>30. marts, 2026.<\/span>\t\t\t\t<\/div>\r\n\t\t\t\t\t\t\t<\/div>\r\n\t\t<\/div>\r\n\t<\/div>\r\n<\/div><div class=\"psacp-post-slide psacp-post-4643 psacp-post-standard psacp-has-thumb\">\r\n\t<div class=\"psacp-post-slider-content\">\r\n\t\t<a class=\"psacp-post-linkoverlay\" href=\"https:\/\/laurenci.edu.lv\/index.php\/2026\/03\/30\/joku-diena-1-aprili\/\"><\/a>\r\n\t\t<div class=\"psacp-post-img-bg\" style=\"background-image:url(https:\/\/laurenci.edu.lv\/wp-content\/uploads\/2026\/03\/April-Fools-Day-Flyer-724x1024.jpg); \">\r\n\t\t\t<div class=\"psacp-featured-meta\">\r\n\t\t\t\t\t\t\t\r\n\t\t\t\t<h2 class=\"psacp-post-title\">\r\n\t\t\t\t\t<a href=\"https:\/\/laurenci.edu.lv\/index.php\/2026\/03\/30\/joku-diena-1-aprili\/\">Joku diena 1.apr\u012bl\u012b!<\/a>\r\n\t\t\t\t<\/h2>\r\n\r\n\t\t\t\t\t\t\t\t<div class=\"psacp-post-meta psacp-post-meta-up\">\r\n\t\t\t\t\t<span class=\"psacp-post-meta-data psacp-post-date\"><i class=\"psacp-fa fa-regular fa-clock\"><\/i>30. marts, 2026.<\/span>\t\t\t\t<\/div>\r\n\t\t\t\t\t\t\t<\/div>\r\n\t\t<\/div>\r\n\t<\/div>\r\n<\/div><div class=\"psacp-post-slide psacp-post-4576 psacp-post-standard psacp-has-thumb\">\r\n\t<div class=\"psacp-post-slider-content\">\r\n\t\t<a class=\"psacp-post-linkoverlay\" href=\"https:\/\/laurenci.edu.lv\/index.php\/2026\/03\/26\/3-a-klase-aizvadita-maza-radosi-petniecisko-darbu-konferencite\/\"><\/a>\r\n\t\t<div class=\"psacp-post-img-bg\" style=\"background-image:url(https:\/\/laurenci.edu.lv\/wp-content\/uploads\/2026\/03\/WhatsApp-Image-2026-03-25-at-17.24.38-1-768x1024.jpeg); \">\r\n\t\t\t<div class=\"psacp-featured-meta\">\r\n\t\t\t\t\t\t\t\r\n\t\t\t\t<h2 class=\"psacp-post-title\">\r\n\t\t\t\t\t<a href=\"https:\/\/laurenci.edu.lv\/index.php\/2026\/03\/26\/3-a-klase-aizvadita-maza-radosi-petniecisko-darbu-konferencite\/\">3.a klas\u0113 aizvad\u012bta &#8220;Maz\u0101 rado\u0161i p\u0113tniecisko darbu konferenc\u012bte&#8221;<\/a>\r\n\t\t\t\t<\/h2>\r\n\r\n\t\t\t\t\t\t\t\t<div class=\"psacp-post-meta psacp-post-meta-up\">\r\n\t\t\t\t\t<span class=\"psacp-post-meta-data psacp-post-date\"><i class=\"psacp-fa fa-regular fa-clock\"><\/i>26. marts, 2026.<\/span>\t\t\t\t<\/div>\r\n\t\t\t\t\t\t\t<\/div>\r\n\t\t<\/div>\r\n\t<\/div>\r\n<\/div><div class=\"psacp-post-slide psacp-post-4569 psacp-post-standard psacp-has-thumb\">\r\n\t<div class=\"psacp-post-slider-content\">\r\n\t\t<a class=\"psacp-post-linkoverlay\" href=\"https:\/\/laurenci.edu.lv\/index.php\/2026\/03\/25\/laurencu-sakumskolas-skoleni-piedalas-erudicijas-turnira\/\"><\/a>\r\n\t\t<div class=\"psacp-post-img-bg\" style=\"background-image:url(https:\/\/laurenci.edu.lv\/wp-content\/uploads\/2026\/03\/WhatsApp-Image-2026-03-24-at-10.52.44-768x1024.jpeg); \">\r\n\t\t\t<div class=\"psacp-featured-meta\">\r\n\t\t\t\t\t\t\t\r\n\t\t\t\t<h2 class=\"psacp-post-title\">\r\n\t\t\t\t\t<a href=\"https:\/\/laurenci.edu.lv\/index.php\/2026\/03\/25\/laurencu-sakumskolas-skoleni-piedalas-erudicijas-turnira\/\">Lauren\u010du s\u0101kumskolas skol\u0113ni piedal\u0101s erud\u012bcijas turn\u012br\u0101<\/a>\r\n\t\t\t\t<\/h2>\r\n\r\n\t\t\t\t\t\t\t\t<div class=\"psacp-post-meta psacp-post-meta-up\">\r\n\t\t\t\t\t<span class=\"psacp-post-meta-data psacp-post-date\"><i class=\"psacp-fa fa-regular fa-clock\"><\/i>25. marts, 2026.<\/span>\t\t\t\t<\/div>\r\n\t\t\t\t\t\t\t<\/div>\r\n\t\t<\/div>\r\n\t<\/div>\r\n<\/div><div class=\"psacp-post-slide psacp-post-4563 psacp-post-standard psacp-has-thumb\">\r\n\t<div class=\"psacp-post-slider-content\">\r\n\t\t<a class=\"psacp-post-linkoverlay\" href=\"https:\/\/laurenci.edu.lv\/index.php\/2026\/03\/25\/noslegusies-bernu-jauniesu-un-vecaku-zurija\/\"><\/a>\r\n\t\t<div class=\"psacp-post-img-bg\" style=\"background-image:url(https:\/\/laurenci.edu.lv\/wp-content\/uploads\/2026\/03\/2026-03-23-08_48_00-768x1024.jpg); \">\r\n\t\t\t<div class=\"psacp-featured-meta\">\r\n\t\t\t\t\t\t\t\r\n\t\t\t\t<h2 class=\"psacp-post-title\">\r\n\t\t\t\t\t<a href=\"https:\/\/laurenci.edu.lv\/index.php\/2026\/03\/25\/noslegusies-bernu-jauniesu-un-vecaku-zurija\/\">Nosl\u0113gusies &#8220;B\u0113rnu, jaunie\u0161u un vec\u0101ku \u017e\u016brija&#8221;<\/a>\r\n\t\t\t\t<\/h2>\r\n\r\n\t\t\t\t\t\t\t\t<div class=\"psacp-post-meta psacp-post-meta-up\">\r\n\t\t\t\t\t<span class=\"psacp-post-meta-data psacp-post-date\"><i class=\"psacp-fa fa-regular fa-clock\"><\/i>25. marts, 2026.<\/span>\t\t\t\t<\/div>\r\n\t\t\t\t\t\t\t<\/div>\r\n\t\t<\/div>\r\n\t<\/div>\r\n<\/div><div class=\"psacp-post-slide psacp-post-4547 psacp-post-standard psacp-has-thumb\">\r\n\t<div class=\"psacp-post-slider-content\">\r\n\t\t<a class=\"psacp-post-linkoverlay\" href=\"https:\/\/laurenci.edu.lv\/index.php\/2026\/03\/24\/4547\/\"><\/a>\r\n\t\t<div class=\"psacp-post-img-bg\" style=\"background-image:url(https:\/\/laurenci.edu.lv\/wp-content\/uploads\/2026\/03\/WhatsApp-Image-2026-03-23-at-10.27.43-768x1024.jpeg); \">\r\n\t\t\t<div class=\"psacp-featured-meta\">\r\n\t\t\t\t\t\t\t\r\n\t\t\t\t<h2 class=\"psacp-post-title\">\r\n\t\t\t\t\t<a href=\"https:\/\/laurenci.edu.lv\/index.php\/2026\/03\/24\/4547\/\">Laur\u0113ni aizvada nodarb\u012bbu ESF Plus projekta ietvaros<\/a>\r\n\t\t\t\t<\/h2>\r\n\r\n\t\t\t\t\t\t\t\t<div class=\"psacp-post-meta psacp-post-meta-up\">\r\n\t\t\t\t\t<span class=\"psacp-post-meta-data psacp-post-date\"><i class=\"psacp-fa fa-regular fa-clock\"><\/i>24. marts, 2026.<\/span>\t\t\t\t<\/div>\r\n\t\t\t\t\t\t\t<\/div>\r\n\t\t<\/div>\r\n\t<\/div>\r\n<\/div>\t<\/div>\r\n<\/div>\n\n\n<div class=\"wp-block-image\">\n<figure class=\"aligncenter size-large\"><img loading=\"lazy\" decoding=\"async\" width=\"1024\" height=\"576\" src=\"https:\/\/laurenci.edu.lv\/wp-content\/uploads\/2023\/09\/220897193_291405012775384_878135977124249219_n-1024x576.jpg\" alt=\"\" class=\"wp-image-434\" srcset=\"https:\/\/laurenci.edu.lv\/wp-content\/uploads\/2023\/09\/220897193_291405012775384_878135977124249219_n-1024x576.jpg 1024w, https:\/\/laurenci.edu.lv\/wp-content\/uploads\/2023\/09\/220897193_291405012775384_878135977124249219_n-300x169.jpg 300w, https:\/\/laurenci.edu.lv\/wp-content\/uploads\/2023\/09\/220897193_291405012775384_878135977124249219_n-768x432.jpg 768w, https:\/\/laurenci.edu.lv\/wp-content\/uploads\/2023\/09\/220897193_291405012775384_878135977124249219_n-1536x864.jpg 1536w, https:\/\/laurenci.edu.lv\/wp-content\/uploads\/2023\/09\/220897193_291405012775384_878135977124249219_n.jpg 2048w\" sizes=\"auto, (max-width: 1024px) 100vw, 1024px\" \/><\/figure>\n<\/div>","protected":false},"excerpt":{"rendered":"","protected":false},"author":3,"featured_media":0,"parent":0,"menu_order":0,"comment_status":"closed","ping_status":"closed","template":"","meta":{"footnotes":""},"class_list":["post-334","page","type-page","status-publish","hentry"],"_links":{"self":[{"href":"https:\/\/laurenci.edu.lv\/index.php\/wp-json\/wp\/v2\/pages\/334","targetHints":{"allow":["GET"]}}],"collection":[{"href":"https:\/\/laurenci.edu.lv\/index.php\/wp-json\/wp\/v2\/pages"}],"about":[{"href":"https:\/\/laurenci.edu.lv\/index.php\/wp-json\/wp\/v2\/types\/page"}],"author":[{"embeddable":true,"href":"https:\/\/laurenci.edu.lv\/index.php\/wp-json\/wp\/v2\/users\/3"}],"replies":[{"embeddable":true,"href":"https:\/\/laurenci.edu.lv\/index.php\/wp-json\/wp\/v2\/comments?post=334"}],"version-history":[{"count":3,"href":"https:\/\/laurenci.edu.lv\/index.php\/wp-json\/wp\/v2\/pages\/334\/revisions"}],"predecessor-version":[{"id":460,"href":"https:\/\/laurenci.edu.lv\/index.php\/wp-json\/wp\/v2\/pages\/334\/revisions\/460"}],"wp:attachment":[{"href":"https:\/\/laurenci.edu.lv\/index.php\/wp-json\/wp\/v2\/media?parent=334"}],"curies":[{"name":"wp","href":"https:\/\/api.w.org\/{rel}","templated":true}]}}