{"id":4600,"date":"2026-03-26T13:09:25","date_gmt":"2026-03-26T11:09:25","guid":{"rendered":"https:\/\/laurenci.edu.lv\/?page_id=4600"},"modified":"2026-04-07T09:47:58","modified_gmt":"2026-04-07T06:47:58","slug":"erasmus-2","status":"publish","type":"page","link":"https:\/\/laurenci.edu.lv\/index.php\/erasmus-2\/","title":{"rendered":"Erasmus +"},"content":{"rendered":"<div class=\"wp-block-image\">\n<figure class=\"aligncenter size-full is-resized\"><img loading=\"lazy\" decoding=\"async\" width=\"935\" height=\"201\" src=\"https:\/\/laurenci.edu.lv\/wp-content\/uploads\/2026\/04\/Picture1.jpg\" alt=\"\" class=\"wp-image-4743\" style=\"width:256px;height:auto\" srcset=\"https:\/\/laurenci.edu.lv\/wp-content\/uploads\/2026\/04\/Picture1.jpg 935w, https:\/\/laurenci.edu.lv\/wp-content\/uploads\/2026\/04\/Picture1-300x64.jpg 300w, https:\/\/laurenci.edu.lv\/wp-content\/uploads\/2026\/04\/Picture1-768x165.jpg 768w\" sizes=\"auto, (max-width: 935px) 100vw, 935px\" \/><\/figure>\n<\/div>\n\n\n<h2 class=\"wp-block-heading has-text-align-center\">Projekta apraksts<\/h2>\n\n\n\n<p class=\"has-text-align-center\">Lauren\u010du s\u0101kumskola \u012bsteno\u00a0<em>Erasmus+<\/em>\u00a0projektu \u201cM\u0101ksl\u012bg\u0101 intelekta izmanto\u0161ana soci\u0101li emocion\u0101lo prasmju att\u012bst\u012bb\u0101\u201d, kas tiek realiz\u0113ts saska\u0146\u0101 ar Dot\u0101cijas l\u012bgumu Nr.\u00a0<strong>2025\u20111\u2011LV01\u2011KA122\u2011SCH\u2011000340555<\/strong>, nosl\u0113gtu starp Valsts izgl\u012bt\u012bbas att\u012bst\u012bbas a\u0123ent\u016bru un Lauren\u010du s\u0101kumskolu k\u0101 projekta koordinatori. Projekts tiek finans\u0113ts programmas\u00a0<em>Erasmus+<\/em>\u00a0ietvaros, pamatojoties uz Eiropas Parlamenta un Padomes Regulu (ES) 2021\/817, un t\u0101 kop\u0113jais \u012bsteno\u0161anas periods ir no\u00a0<strong>01.06.2025. l\u012bdz 31.08.2026.<\/strong><\/p>\n\n\n\n<h2 class=\"wp-block-heading has-text-align-center\">Projekta m\u0113r\u0137is<\/h2>\n\n\n\n<p class=\"has-text-align-center\"><br>Projekta \u012bsteno\u0161anas m\u0113r\u0137is ir att\u012bst\u012bt skolot\u0101ju profesion\u0101lo kompetenci digit\u0101l\u0101s transform\u0101cijas un m\u0101ksl\u012bg\u0101 intelekta izmanto\u0161anas jom\u0101, vienlaikus stiprinot skol\u0113nu soci\u0101li emocion\u0101l\u0101s prasmes un veicinot iek\u013caujo\u0161u m\u0101c\u012bbu vidi. Izgl\u012bt\u012bbas kvalit\u0101tes uzlabo\u0161ana, m\u0101c\u012bbu procesa bag\u0101tin\u0101\u0161ana, inovat\u012bvu digit\u0101lo r\u012bku lietojums un starptautisk\u0101s pieredzes integr\u0101cija ikdienas darb\u0101 ir projekta centr\u0101lie elementi.<\/p>\n\n\n\n<h2 class=\"wp-block-heading has-text-align-center\">Mobilit\u0101tes un projekta \u012bsteno\u0161ana<\/h2>\n\n\n\n<p class=\"has-text-align-center\">Projekta ietvaros tiks\u00a0<strong>realiz\u0113ti tr\u012bs mobilit\u0101tes braucieni \u2013 uz Barselonu, Dublinu un Helsinkiem<\/strong>, kur skolot\u0101ji piedal\u012bsies specializ\u0113tos kursos par MI integr\u0101ciju, SEL prasmju att\u012bst\u012b\u0161anu digit\u0101laj\u0101 vid\u0113, emocion\u0101l\u0101s labb\u016bt\u012bbas veicin\u0101\u0161anu un inovat\u012bv\u0101m m\u0101c\u012bbu metod\u0113m starptautisk\u0101 profesion\u0101laj\u0101 vid\u0113. Katr\u0101 mobilit\u0101t\u0113 piedal\u012bsies skolot\u0101ji, kuri p\u0101rst\u0101v da\u017e\u0101das izgl\u012bt\u012bbas jomas Lauren\u010du s\u0101kumskol\u0101, nodro\u0161inot pla\u0161u kompeten\u010du stiprin\u0101\u0161anas efektu. Projekta \u012bsteno\u0161ana notiks, iev\u0113rojot Dot\u0101cijas l\u012bgum\u0101 noteikt\u0101s pras\u012bbas par kvalit\u0101ti, p\u0101rvald\u012bbu, zi\u0146o\u0161anu, finan\u0161u korektumu un dokument\u0101cijas uzglab\u0101\u0161anu. L\u012bgums nosaka koordinatora pien\u0101kumu nodro\u0161in\u0101t godpr\u0101t\u012bgu un pien\u0101c\u012bgu projekta \u012bsteno\u0161anu, savlaic\u012bgu inform\u0101cijas snieg\u0161anu, datu aktualiz\u0113\u0161anu\u00a0<em>Erasmus+<\/em>\u00a0p\u0101rvald\u012bbas r\u012bk\u0101 un atbild\u012bbu par visiem zi\u0146ojumiem un finan\u0161u p\u0101rskatiem.\u00a0 Visas mobilit\u0101tes un ar projektu saist\u012bt\u0101s aktivit\u0101tes notiek, iev\u0113rojot datu aizsardz\u012bbas pras\u012bbas saska\u0146\u0101 ar VDAR un Regulu (ES) 2018\/1725, nodro\u0161inot dal\u012bbnieku datu likum\u012bgu, dro\u0161u un caursp\u012bd\u012bgu apstr\u0101di, kas nep\u0101rsniedz projekta \u012bsteno\u0161anai nepiecie\u0161amo apjomu. Projekts tiek \u012bstenots saska\u0146\u0101 ar ES pamatv\u0113rt\u012bb\u0101m \u2013 cilv\u0113kties\u012bb\u0101m, vienl\u012bdz\u012bbu, iek\u013cau\u0161anu un diskrimin\u0101cijas nepie\u013cau\u0161anu. Projekta rezult\u0101ti tiks integr\u0113ti skolas att\u012bst\u012bbas pl\u0101n\u0101, ikdienas m\u0101c\u012bbu organiz\u0113\u0161an\u0101 un digit\u0101laj\u0101 satur\u0101, savuk\u0101rt skolot\u0101ji dal\u012bsies pieredz\u0113 kol\u0113\u0123u semin\u0101ros, metodiskaj\u0101s dien\u0101s un Siguldas novada izgl\u012bt\u012bbas pas\u0101kumos.\u00a0<\/p>\n\n\n\n<h2 class=\"wp-block-heading has-text-align-center\">Finans\u0113jums<\/h2>\n\n\n\n<p class=\"has-text-align-center\">Projekta maksim\u0101l\u0101 pie\u0161\u0137irt\u0101 dot\u0101cija ir&nbsp;<strong>19 428 EUR<\/strong><\/p>\n\n\n\n<p><\/p>\n","protected":false},"excerpt":{"rendered":"<p>Projekta apraksts Lauren\u010du s\u0101kumskola \u012bsteno\u00a0Erasmus+\u00a0projektu \u201cM\u0101ksl\u012bg\u0101 intelekta izmanto\u0161ana soci\u0101li emocion\u0101lo prasmju att\u012bst\u012bb\u0101\u201d, kas tiek realiz\u0113ts saska\u0146\u0101 ar Dot\u0101cijas l\u012bgumu Nr.\u00a02025\u20111\u2011LV01\u2011KA122\u2011SCH\u2011000340555, nosl\u0113gtu starp Valsts izgl\u012bt\u012bbas att\u012bst\u012bbas a\u0123ent\u016bru un Lauren\u010du s\u0101kumskolu k\u0101 projekta koordinatori. Projekts tiek finans\u0113ts programmas\u00a0Erasmus+\u00a0ietvaros, pamatojoties uz Eiropas Parlamenta un Padomes Regulu (ES) 2021\/817, un t\u0101 kop\u0113jais \u012bsteno\u0161anas periods ir no\u00a001.06.2025. l\u012bdz 31.08.2026. Projekta &#8230; <a title=\"Erasmus +\" class=\"read-more\" href=\"https:\/\/laurenci.edu.lv\/index.php\/erasmus-2\/\" aria-label=\"Read more about Erasmus +\">Las\u012bt t\u0101l\u0101k<\/a><\/p>\n","protected":false},"author":2,"featured_media":0,"parent":0,"menu_order":0,"comment_status":"closed","ping_status":"closed","template":"","meta":{"footnotes":""},"class_list":["post-4600","page","type-page","status-publish"],"_links":{"self":[{"href":"https:\/\/laurenci.edu.lv\/index.php\/wp-json\/wp\/v2\/pages\/4600","targetHints":{"allow":["GET"]}}],"collection":[{"href":"https:\/\/laurenci.edu.lv\/index.php\/wp-json\/wp\/v2\/pages"}],"about":[{"href":"https:\/\/laurenci.edu.lv\/index.php\/wp-json\/wp\/v2\/types\/page"}],"author":[{"embeddable":true,"href":"https:\/\/laurenci.edu.lv\/index.php\/wp-json\/wp\/v2\/users\/2"}],"replies":[{"embeddable":true,"href":"https:\/\/laurenci.edu.lv\/index.php\/wp-json\/wp\/v2\/comments?post=4600"}],"version-history":[{"count":3,"href":"https:\/\/laurenci.edu.lv\/index.php\/wp-json\/wp\/v2\/pages\/4600\/revisions"}],"predecessor-version":[{"id":4744,"href":"https:\/\/laurenci.edu.lv\/index.php\/wp-json\/wp\/v2\/pages\/4600\/revisions\/4744"}],"wp:attachment":[{"href":"https:\/\/laurenci.edu.lv\/index.php\/wp-json\/wp\/v2\/media?parent=4600"}],"curies":[{"name":"wp","href":"https:\/\/api.w.org\/{rel}","templated":true}]}}