{"id":4611,"date":"2026-03-26T13:22:55","date_gmt":"2026-03-26T11:22:55","guid":{"rendered":"https:\/\/laurenci.edu.lv\/?page_id=4611"},"modified":"2026-03-27T09:44:13","modified_gmt":"2026-03-27T07:44:13","slug":"ekoskola","status":"publish","type":"page","link":"https:\/\/laurenci.edu.lv\/index.php\/ekoskola\/","title":{"rendered":"Ekoskola"},"content":{"rendered":"<div class=\"wp-block-image\">\n<figure class=\"aligncenter size-full is-resized\"><img loading=\"lazy\" decoding=\"async\" width=\"750\" height=\"750\" src=\"https:\/\/laurenci.edu.lv\/wp-content\/uploads\/2026\/03\/5-1.png\" alt=\"\" class=\"wp-image-4633\" style=\"width:170px;height:auto\" srcset=\"https:\/\/laurenci.edu.lv\/wp-content\/uploads\/2026\/03\/5-1.png 750w, https:\/\/laurenci.edu.lv\/wp-content\/uploads\/2026\/03\/5-1-300x300.png 300w, https:\/\/laurenci.edu.lv\/wp-content\/uploads\/2026\/03\/5-1-150x150.png 150w, https:\/\/laurenci.edu.lv\/wp-content\/uploads\/2026\/03\/5-1-500x500.png 500w\" sizes=\"auto, (max-width: 750px) 100vw, 750px\" \/><\/figure>\n<\/div>\n\n\n<h2 class=\"wp-block-heading has-text-align-center\">Ekoskolu programma pasaul\u0113<\/h2>\n\n\n\n<p class=\"has-text-align-center\">Ekoskolu programmu pasaul\u0113 koordin\u0113 organiz\u0101cija Foundation for Environmental Education (FEE International), kas ir 1987. gad\u0101 Leiden\u0113, N\u012bderland\u0113 dibin\u0101ta bezpe\u013c\u0146as nevalstisk\u0101 organiz\u0101cija. 1987. gad\u0101 FEE ieviesa Zil\u0101 karoga balvu &#8211; vides akredit\u0101ciju pludmal\u0113m un jahtu piest\u0101tn\u0113m (p\u0101rvald\u0101m un vad\u0101m ar\u012b Latvij\u0101). P\u0113c Zil\u0101 karoga pan\u0101kumiem,\u00a0<em>FEE International<\/em>\u00a0konstat\u0113ja, ka ir j\u0101risina skol\u0101 balst\u012bta vides izgl\u012bt\u012bba. 1992. gad\u0101 ANO konferenc\u0113 par vidi un att\u012bst\u012bbu Riode\u017eaneiro tika uzsv\u0113rta jaunie\u0161u vad\u012btas vides r\u012bc\u012bbas noz\u012bme, uz ko rea\u0123\u0113jot,\u00a0<em>FEE International<\/em>\u00a0izstr\u0101d\u0101ja Ekoskolu koncepciju. Programma pirmo reizi tika izm\u0113\u0123in\u0101ta 1992. gad\u0101 D\u0101nij\u0101, bet 1994. gad\u0101 t\u0101 tika ieviesta jau ar\u012b V\u0101cij\u0101, Grie\u0137ij\u0101, Anglij\u0101 un citur. \u0160obr\u012bd Ekoskolas ir liel\u0101k\u0101 izgl\u012bt\u012bbas programma pasaul\u0113, kas tiek \u012bstenota 73 valst\u012bs, iesaistot 48 700 skolas.\u00a0 T\u0101 ir ANO Vides programmas sadarb\u012bbas partnere vides izgl\u012bt\u012bb\u0101 un ietvars vides aizsardz\u012bbas un izgl\u012bt\u012bbas aktivit\u0101\u0161u sekm\u012bgai iek\u013cau\u0161anai m\u0101c\u012bbu iest\u0101\u017eu ikdien\u0101.<\/p>\n\n\n\n<h2 class=\"wp-block-heading has-text-align-center\">Ekoskolu programma Latvij\u0101<\/h2>\n\n\n\n<p class=\"has-text-align-center\">Vides izgl\u012bt\u012bbas fonds \u012bsteno\u00a0<em>FEE International<\/em>\u00a0programmas Latvij\u0101 kop\u0161 1998. gada un sec\u012bgi 2002. gad\u0101 tika uzs\u0101kta Ekoskolu programma.\u00a0\u0160obr\u012bd Latvij\u0101 darbojas vair\u0101k k\u0101 195 izgl\u012bt\u012bbas iest\u0101des &#8211; no pirmsskol\u0101m l\u012bdz augstskol\u0101m. <\/p>\n\n\n\n<h2 class=\"wp-block-heading has-text-align-center\">K\u0101 notiek \u012bsteno\u0161ana?<\/h2>\n\n\n\n<p class=\"has-text-align-center\">Izgl\u012bt\u012bbas iest\u0101des l\u012bdzdal\u012bba Ekoskolu programm\u0101 norisin\u0101s caur vide p\u0101rvaldes sist\u0113mas izveido\u0161anu un darb\u012bbu, k\u0101 ar\u012b iest\u0101des regul\u0101ru darbu ar apk\u0101rt\u0113j\u0101s vides jaut\u0101jumiem.\u00a0<br>P\u0101rvaldes sist\u0113ma tiek veidota, sekojot Ekoskolu programmas 7 so\u013cu krit\u0113rjiem:<\/p>\n\n\n\n<ul class=\"wp-block-list\">\n<li>Ekopadome<\/li>\n\n\n\n<li>Vides nov\u0113rt\u0113jums<\/li>\n\n\n\n<li>R\u012bc\u012bbas pl\u0101ns<\/li>\n\n\n\n<li>P\u0101rraudz\u012bba un izv\u0113rt\u0113\u0161ana<\/li>\n\n\n\n<li>Sasaiste ar m\u0101c\u012bbu saturu<\/li>\n\n\n\n<li>Visas skolas un sabiedr\u012bbas iesaist\u012b\u0161ana<\/li>\n\n\n\n<li>Vides kodekss<\/li>\n<\/ul>\n\n\n\n<p class=\"has-text-align-center\">Otrs Ekoskolu programmas b\u016btisks pamats ir koncentr\u0113ts darbs ar aktu\u0101l\u0101m vides t\u0113m\u0101m. Katru gadu Ekoskolu programm\u0101 iesaist\u012btajai izgl\u012bt\u012bbas iest\u0101dei, izejot no vides nov\u0113rt\u0113juma, ir j\u0101izv\u0113las k\u0101ds no tematiem, ar kuru visa gada garum\u0101 tiek str\u0101d\u0101ts pastiprin\u0101ti, m\u0113\u0123inot attiec\u012bg\u0101s vides problem\u0101tikas apzin\u0101\u0161an\u0101 un probl\u0113mu risin\u0101jumu mekl\u0113jumos iesaist\u012bt iesp\u0113jami pla\u0161\u0101ku skolas un sabiedr\u012bbas da\u013cu.<\/p>\n","protected":false},"excerpt":{"rendered":"<p>Ekoskolu programma pasaul\u0113 Ekoskolu programmu pasaul\u0113 koordin\u0113 organiz\u0101cija Foundation for Environmental Education (FEE International), kas ir 1987. gad\u0101 Leiden\u0113, N\u012bderland\u0113 dibin\u0101ta bezpe\u013c\u0146as nevalstisk\u0101 organiz\u0101cija. 1987. gad\u0101 FEE ieviesa Zil\u0101 karoga balvu &#8211; vides akredit\u0101ciju pludmal\u0113m un jahtu piest\u0101tn\u0113m (p\u0101rvald\u0101m un vad\u0101m ar\u012b Latvij\u0101). P\u0113c Zil\u0101 karoga pan\u0101kumiem,\u00a0FEE International\u00a0konstat\u0113ja, ka ir j\u0101risina skol\u0101 balst\u012bta vides izgl\u012bt\u012bba. &#8230; <a title=\"Ekoskola\" class=\"read-more\" href=\"https:\/\/laurenci.edu.lv\/index.php\/ekoskola\/\" aria-label=\"Read more about Ekoskola\">Las\u012bt t\u0101l\u0101k<\/a><\/p>\n","protected":false},"author":2,"featured_media":0,"parent":0,"menu_order":0,"comment_status":"closed","ping_status":"closed","template":"","meta":{"footnotes":""},"class_list":["post-4611","page","type-page","status-publish"],"_links":{"self":[{"href":"https:\/\/laurenci.edu.lv\/index.php\/wp-json\/wp\/v2\/pages\/4611","targetHints":{"allow":["GET"]}}],"collection":[{"href":"https:\/\/laurenci.edu.lv\/index.php\/wp-json\/wp\/v2\/pages"}],"about":[{"href":"https:\/\/laurenci.edu.lv\/index.php\/wp-json\/wp\/v2\/types\/page"}],"author":[{"embeddable":true,"href":"https:\/\/laurenci.edu.lv\/index.php\/wp-json\/wp\/v2\/users\/2"}],"replies":[{"embeddable":true,"href":"https:\/\/laurenci.edu.lv\/index.php\/wp-json\/wp\/v2\/comments?post=4611"}],"version-history":[{"count":3,"href":"https:\/\/laurenci.edu.lv\/index.php\/wp-json\/wp\/v2\/pages\/4611\/revisions"}],"predecessor-version":[{"id":4634,"href":"https:\/\/laurenci.edu.lv\/index.php\/wp-json\/wp\/v2\/pages\/4611\/revisions\/4634"}],"wp:attachment":[{"href":"https:\/\/laurenci.edu.lv\/index.php\/wp-json\/wp\/v2\/media?parent=4611"}],"curies":[{"name":"wp","href":"https:\/\/api.w.org\/{rel}","templated":true}]}}