{"id":4621,"date":"2026-03-27T08:45:03","date_gmt":"2026-03-27T06:45:03","guid":{"rendered":"https:\/\/laurenci.edu.lv\/?page_id=4621"},"modified":"2026-03-27T09:34:00","modified_gmt":"2026-03-27T07:34:00","slug":"kiva","status":"publish","type":"page","link":"https:\/\/laurenci.edu.lv\/index.php\/kiva\/","title":{"rendered":"KiVa"},"content":{"rendered":"<div class=\"wp-block-image\">\n<figure class=\"aligncenter size-full is-resized\"><img loading=\"lazy\" decoding=\"async\" width=\"586\" height=\"590\" src=\"https:\/\/laurenci.edu.lv\/wp-content\/uploads\/2026\/03\/pngegg.png\" alt=\"\" class=\"wp-image-4628\" style=\"aspect-ratio:0.9932747025349198;width:171px;height:auto\" srcset=\"https:\/\/laurenci.edu.lv\/wp-content\/uploads\/2026\/03\/pngegg.png 586w, https:\/\/laurenci.edu.lv\/wp-content\/uploads\/2026\/03\/pngegg-298x300.png 298w, https:\/\/laurenci.edu.lv\/wp-content\/uploads\/2026\/03\/pngegg-150x150.png 150w\" sizes=\"auto, (max-width: 586px) 100vw, 586px\" \/><\/figure>\n<\/div>\n\n\n<h4 class=\"wp-block-heading has-text-align-center\">Kas ir KiVa?<\/h4>\n\n\n\n<p class=\"has-text-align-center\">KiVa ir p\u0113t\u012bjumos un pier\u0101d\u012bjumos balst\u012bta antibulinga programma, kas ir izstr\u0101d\u0101ta Turku Universit\u0101t\u0113 ar Somijas Izgl\u012bt\u012bbas un kult\u016bras ministrijas finans\u0113jumu. KiVa iespaid\u012bg\u0101 efektivit\u0101te ir zin\u0101tniski pier\u0101d\u012bta pla\u0161os randomiz\u0113tos un kontrol\u0113tos p\u0113t\u012bjumos, k\u0101 ar\u012b daudzos citos p\u0113t\u012bjumos. KiVa tiek izmantota daudz\u0101s pasaules valst\u012bs, un t\u0101 ir pasaul\u0113 visbie\u017e\u0101k p\u0113t\u012bt\u0101 antibulinga programma.<\/p>\n\n\n\n<h3 class=\"wp-block-heading has-text-align-center\">K\u0101 KiVa darbojas?<\/h3>\n\n\n\n<p class=\"has-text-align-center\">KiVa m\u0113r\u0137is ir nov\u0113rst bulingu un efekt\u012bvi risin\u0101t bulinga gad\u012bjumus. Programma balst\u0101s pla\u0161os bulinga un t\u0101 procesu p\u0113t\u012bjumos vair\u0101ku desmitga\u017eu garum\u0101. KiVas tr\u012bs galvenie elementi ir: profilakse, intervence un monitorings.<\/p>\n\n\n\n<p><\/p>\n\n\n\n<h3 class=\"wp-block-heading has-text-align-center\">KiVa st\u016brakme\u0146i: profilakse, intervence un monitorings<\/h3>\n\n\n\n<p class=\"has-text-align-center\"><br><strong>Profilakse: lai bulings nerastos<\/strong><\/p>\n\n\n\n<p class=\"has-text-align-center\">Profilakses darb\u012bbas, t\u0101das k\u0101 KiVa m\u0101c\u012bbu stundas, ir paredz\u0113tas visiem skol\u0113niem, un to uzman\u012bbas centr\u0101 ir bulinga nov\u0113r\u0161ana. M\u0101c\u012bbu stundas un tie\u0161saistes sp\u0113les ir konkr\u0113ts \u0161\u0101du darb\u012bbu paraugs, kas veido KiVa mugurkaulu.<\/p>\n\n\n\n<p class=\"has-text-align-center\"><strong>Intervence: instrumenti bulinga mazin\u0101\u0161anai<\/strong><\/p>\n\n\n\n<p class=\"has-text-align-center\">Intervence KiVa ietvaros ir paredz\u0113ta b\u0113rniem un pieaugu\u0161ajiem, kas ir biju\u0161i iesaist\u012bti bulinga situ\u0101cij\u0101s. Intervences m\u0113r\u0137is ir pied\u0101v\u0101t skol\u0101m instrumentus, kas ir v\u0113rsti uz risin\u0101juma ra\u0161anu bulinga aptur\u0113\u0161anai.<\/p>\n\n\n\n<p class=\"has-text-align-center\"><strong>Ikgad\u0113jais monitorings<\/strong><\/p>\n\n\n\n<p class=\"has-text-align-center\">KiVa pied\u0101v\u0101 instrumentus, ar kuru pal\u012bdz\u012bbu iesp\u0113jams nov\u0113rot situ\u0101ciju skol\u0101s \u2013 ikgad\u0113jas tie\u0161saistes anket\u0113\u0161anu skol\u0113niem un person\u0101lam. \u0160\u012b atgriezenisk\u0101 saite sniedz skol\u0101m inform\u0101ciju par to, k\u0101 uzlabot savu darbu bulinga mazin\u0101\u0161an\u0101.<\/p>\n\n\n\n<p><\/p>\n","protected":false},"excerpt":{"rendered":"<p>Kas ir KiVa? KiVa ir p\u0113t\u012bjumos un pier\u0101d\u012bjumos balst\u012bta antibulinga programma, kas ir izstr\u0101d\u0101ta Turku Universit\u0101t\u0113 ar Somijas Izgl\u012bt\u012bbas un kult\u016bras ministrijas finans\u0113jumu. KiVa iespaid\u012bg\u0101 efektivit\u0101te ir zin\u0101tniski pier\u0101d\u012bta pla\u0161os randomiz\u0113tos un kontrol\u0113tos p\u0113t\u012bjumos, k\u0101 ar\u012b daudzos citos p\u0113t\u012bjumos. KiVa tiek izmantota daudz\u0101s pasaules valst\u012bs, un t\u0101 ir pasaul\u0113 visbie\u017e\u0101k p\u0113t\u012bt\u0101 antibulinga programma. K\u0101 KiVa &#8230; <a title=\"KiVa\" class=\"read-more\" href=\"https:\/\/laurenci.edu.lv\/index.php\/kiva\/\" aria-label=\"Read more about KiVa\">Las\u012bt t\u0101l\u0101k<\/a><\/p>\n","protected":false},"author":2,"featured_media":0,"parent":0,"menu_order":0,"comment_status":"closed","ping_status":"closed","template":"","meta":{"footnotes":""},"class_list":["post-4621","page","type-page","status-publish"],"_links":{"self":[{"href":"https:\/\/laurenci.edu.lv\/index.php\/wp-json\/wp\/v2\/pages\/4621","targetHints":{"allow":["GET"]}}],"collection":[{"href":"https:\/\/laurenci.edu.lv\/index.php\/wp-json\/wp\/v2\/pages"}],"about":[{"href":"https:\/\/laurenci.edu.lv\/index.php\/wp-json\/wp\/v2\/types\/page"}],"author":[{"embeddable":true,"href":"https:\/\/laurenci.edu.lv\/index.php\/wp-json\/wp\/v2\/users\/2"}],"replies":[{"embeddable":true,"href":"https:\/\/laurenci.edu.lv\/index.php\/wp-json\/wp\/v2\/comments?post=4621"}],"version-history":[{"count":3,"href":"https:\/\/laurenci.edu.lv\/index.php\/wp-json\/wp\/v2\/pages\/4621\/revisions"}],"predecessor-version":[{"id":4631,"href":"https:\/\/laurenci.edu.lv\/index.php\/wp-json\/wp\/v2\/pages\/4621\/revisions\/4631"}],"wp:attachment":[{"href":"https:\/\/laurenci.edu.lv\/index.php\/wp-json\/wp\/v2\/media?parent=4621"}],"curies":[{"name":"wp","href":"https:\/\/api.w.org\/{rel}","templated":true}]}}