{"id":4745,"date":"2026-04-07T09:49:55","date_gmt":"2026-04-07T06:49:55","guid":{"rendered":"https:\/\/laurenci.edu.lv\/?page_id=4745"},"modified":"2026-04-07T09:53:39","modified_gmt":"2026-04-07T06:53:39","slug":"projekts-calis","status":"publish","type":"page","link":"https:\/\/laurenci.edu.lv\/index.php\/projekts-calis\/","title":{"rendered":"Projekts &#8220;C\u0101lis&#8221;"},"content":{"rendered":"<div class=\"wp-block-image\">\n<figure class=\"aligncenter size-full is-resized\"><img loading=\"lazy\" decoding=\"async\" width=\"300\" height=\"250\" src=\"https:\/\/laurenci.edu.lv\/wp-content\/uploads\/2026\/04\/logo-250-300.png\" alt=\"\" class=\"wp-image-4748\" style=\"width:162px;height:auto\"\/><\/figure>\n<\/div>\n\n\n<p class=\"has-text-align-center\">Latvijas Putnkop\u012bbas asoci\u0101cija, re\u0123. nr. 40008274211, vair\u0101ku gadu garum\u0101 \u012bsteno izgl\u012btojo\u0161os pas\u0101kumus Latvijas izgl\u012bt\u012bbas iest\u0101d\u0113s vis\u0101 Latvijas teritorij\u0101 st\u0101stot par putnkop\u012bbas nozari un veicinot izpratni par m\u0101jputnu dz\u012bvi.\u00a0Projekta nosaukums ir \u201cVai zini k\u0101 rodas c\u0101l\u012btis?\u201d. <\/p>\n\n\n\n<h2 class=\"wp-block-heading has-text-align-center\">Projekta m\u0113r\u0137is<\/h2>\n\n\n\n<p>1) veikt b\u0113rnu izgl\u012bto\u0161anu lauksaimniec\u012bb\u0101 (putnkop\u012bb\u0101);\u00a0<br>2) dot iesp\u0113ju b\u0113rniem pa\u0161iem piedal\u012bties inkub\u0101cijas proces\u0101;<br>3) piedz\u012bvot mirkli, kad \u0161\u0137i\u013cas c\u0101l\u012btis;<br>4) iek\u0101rtot m\u012btni un zin\u0101t par c\u0101l\u012b\u0161a prim\u0101rajam vajadz\u012bb\u0101m iz\u0161\u0137i\u013coties.<\/p>\n\n\n\n<h2 class=\"wp-block-heading has-text-align-center\">Projekta realiz\u0101cija<\/h2>\n\n\n\n<p class=\"has-text-align-center\">Projekts tiek realiz\u0113ts 23-24 kalend\u0101r\u0101s dienas, kas sast\u0101v no 21 dienas inkub\u0101cijas posma, 2-3 dienas iz\u0161\u0137\u012blu\u0161ies c\u0101\u013ci speci\u0101l\u0101 kast\u0113 jeb pagaidu m\u012btn\u0113 dz\u012bvo izgl\u012bt\u012bbas iest\u0101d\u0113 un b\u0113rniem iesp\u0113jams r\u016bp\u0113ties par c\u0101l\u012b\u0161iem.<\/p>\n\n\n\n<p><\/p>\n","protected":false},"excerpt":{"rendered":"<p>Latvijas Putnkop\u012bbas asoci\u0101cija, re\u0123. nr. 40008274211, vair\u0101ku gadu garum\u0101 \u012bsteno izgl\u012btojo\u0161os pas\u0101kumus Latvijas izgl\u012bt\u012bbas iest\u0101d\u0113s vis\u0101 Latvijas teritorij\u0101 st\u0101stot par putnkop\u012bbas nozari un veicinot izpratni par m\u0101jputnu dz\u012bvi.\u00a0Projekta nosaukums ir \u201cVai zini k\u0101 rodas c\u0101l\u012btis?\u201d. Projekta m\u0113r\u0137is 1) veikt b\u0113rnu izgl\u012bto\u0161anu lauksaimniec\u012bb\u0101 (putnkop\u012bb\u0101);\u00a02) dot iesp\u0113ju b\u0113rniem pa\u0161iem piedal\u012bties inkub\u0101cijas proces\u0101;3) piedz\u012bvot mirkli, kad \u0161\u0137i\u013cas c\u0101l\u012btis;4) &#8230; <a title=\"Projekts &#8220;C\u0101lis&#8221;\" class=\"read-more\" href=\"https:\/\/laurenci.edu.lv\/index.php\/projekts-calis\/\" aria-label=\"Read more about Projekts &#8220;C\u0101lis&#8221;\">Las\u012bt t\u0101l\u0101k<\/a><\/p>\n","protected":false},"author":2,"featured_media":0,"parent":0,"menu_order":0,"comment_status":"closed","ping_status":"closed","template":"","meta":{"footnotes":""},"class_list":["post-4745","page","type-page","status-publish"],"_links":{"self":[{"href":"https:\/\/laurenci.edu.lv\/index.php\/wp-json\/wp\/v2\/pages\/4745","targetHints":{"allow":["GET"]}}],"collection":[{"href":"https:\/\/laurenci.edu.lv\/index.php\/wp-json\/wp\/v2\/pages"}],"about":[{"href":"https:\/\/laurenci.edu.lv\/index.php\/wp-json\/wp\/v2\/types\/page"}],"author":[{"embeddable":true,"href":"https:\/\/laurenci.edu.lv\/index.php\/wp-json\/wp\/v2\/users\/2"}],"replies":[{"embeddable":true,"href":"https:\/\/laurenci.edu.lv\/index.php\/wp-json\/wp\/v2\/comments?post=4745"}],"version-history":[{"count":2,"href":"https:\/\/laurenci.edu.lv\/index.php\/wp-json\/wp\/v2\/pages\/4745\/revisions"}],"predecessor-version":[{"id":4749,"href":"https:\/\/laurenci.edu.lv\/index.php\/wp-json\/wp\/v2\/pages\/4745\/revisions\/4749"}],"wp:attachment":[{"href":"https:\/\/laurenci.edu.lv\/index.php\/wp-json\/wp\/v2\/media?parent=4745"}],"curies":[{"name":"wp","href":"https:\/\/api.w.org\/{rel}","templated":true}]}}